{"id":6088,"date":"2020-09-10T14:29:47","date_gmt":"2020-09-10T17:29:47","guid":{"rendered":"https:\/\/www.mundialsc.com.br\/loja\/?post_type=product&#038;p=6088"},"modified":"2020-09-10T14:29:47","modified_gmt":"2020-09-10T17:29:47","slug":"bucha-da-barra-estabilizadora-traseira-ssangyong-kyron-multi-link","status":"publish","type":"product","link":"https:\/\/www.mundialsc.com.br\/loja\/produto\/bucha-da-barra-estabilizadora-traseira-ssangyong-kyron-multi-link\/","title":{"rendered":"Bucha Da Barra Estabilizadora Traseira Ssangyong Kyron Multi Link"},"content":{"rendered":"<p>Bucha Da Barra Estabilizadora Traseira<br \/>\nC\u00f3digo Original: 4571209000<br \/>\nC\u00f3digo Interno: 4571209000<\/p>\n<p>Aplica\u00e7\u00e3o:<\/p>\n<p>SSANGYONG<\/p>\n<p>KYRON COM SISTEMA MULTI LINK<\/p>\n","protected":false},"excerpt":{"rendered":"<p>Bucha Da Barra Estabilizadora Traseira C\u00f3digo Original: 4571209000 C\u00f3digo Interno: 4571209000 Aplica\u00e7\u00e3o: SSANGYONG KYRON COM SISTEMA MULTI LINK<\/p>\n","protected":false},"featured_media":6089,"template":"","meta":[],"product_brand":[],"product_cat":[110],"product_tag":[],"class_list":{"0":"post-6088","1":"product","2":"type-product","3":"status-publish","4":"has-post-thumbnail","6":"product_cat-bucha","8":"first","9":"instock","10":"shipping-taxable","11":"purchasable","12":"product-type-simple"},"_links":{"self":[{"href":"https:\/\/www.mundialsc.com.br\/loja\/wp-json\/wp\/v2\/product\/6088","targetHints":{"allow":["GET"]}}],"collection":[{"href":"https:\/\/www.mundialsc.com.br\/loja\/wp-json\/wp\/v2\/product"}],"about":[{"href":"https:\/\/www.mundialsc.com.br\/loja\/wp-json\/wp\/v2\/types\/product"}],"wp:featuredmedia":[{"embeddable":true,"href":"https:\/\/www.mundialsc.com.br\/loja\/wp-json\/wp\/v2\/media\/6089"}],"wp:attachment":[{"href":"https:\/\/www.mundialsc.com.br\/loja\/wp-json\/wp\/v2\/media?parent=6088"}],"wp:term":[{"taxonomy":"product_brand","embeddable":true,"href":"https:\/\/www.mundialsc.com.br\/loja\/wp-json\/wp\/v2\/product_brand?post=6088"},{"taxonomy":"product_cat","embeddable":true,"href":"https:\/\/www.mundialsc.com.br\/loja\/wp-json\/wp\/v2\/product_cat?post=6088"},{"taxonomy":"product_tag","embeddable":true,"href":"https:\/\/www.mundialsc.com.br\/loja\/wp-json\/wp\/v2\/product_tag?post=6088"}],"curies":[{"name":"wp","href":"https:\/\/api.w.org\/{rel}","templated":true}]}}