{"id":6072,"date":"2020-09-09T14:44:51","date_gmt":"2020-09-09T17:44:51","guid":{"rendered":"https:\/\/www.mundialsc.com.br\/loja\/?post_type=product&#038;p=6072"},"modified":"2024-01-26T14:18:59","modified_gmt":"2024-01-26T17:18:59","slug":"filtro-hidraulico-plexus-jbc-escavadeira-serie-js-js160-js200","status":"publish","type":"product","link":"https:\/\/www.mundialsc.com.br\/loja\/produto\/filtro-hidraulico-plexus-jbc-escavadeira-serie-js-js160-js200\/","title":{"rendered":"Filtro Hidr\u00e1ulico Plexus Jbc Escavadeira S\u00e9rie JS Js160 Js200"},"content":{"rendered":"<p>Filtro Hidr\u00e1ulico Plexus<br \/>\nC\u00f3digo Original: 32925140<\/p>\n<p>Aplica\u00e7\u00e3o:<\/p>\n<p>JCB<\/p>\n<p>S\u00c9RIE JS160 &#038; JS200 MOTOR JCB DIESEL 2014 EM DIANTE<\/p>\n","protected":false},"excerpt":{"rendered":"<p>Filtro Hidr\u00e1ulico Plexus C\u00f3digo Original: 32925140 Aplica\u00e7\u00e3o: JCB S\u00c9RIE JS160 &#038; JS200 MOTOR JCB DIESEL 2014 EM DIANTE<\/p>\n","protected":false},"featured_media":6073,"template":"","meta":[],"product_brand":[],"product_cat":[108],"product_tag":[],"class_list":{"0":"post-6072","1":"product","2":"type-product","3":"status-publish","4":"has-post-thumbnail","6":"product_cat-junta","8":"first","9":"instock","10":"shipping-taxable","11":"product-type-simple"},"_links":{"self":[{"href":"https:\/\/www.mundialsc.com.br\/loja\/wp-json\/wp\/v2\/product\/6072","targetHints":{"allow":["GET"]}}],"collection":[{"href":"https:\/\/www.mundialsc.com.br\/loja\/wp-json\/wp\/v2\/product"}],"about":[{"href":"https:\/\/www.mundialsc.com.br\/loja\/wp-json\/wp\/v2\/types\/product"}],"wp:featuredmedia":[{"embeddable":true,"href":"https:\/\/www.mundialsc.com.br\/loja\/wp-json\/wp\/v2\/media\/6073"}],"wp:attachment":[{"href":"https:\/\/www.mundialsc.com.br\/loja\/wp-json\/wp\/v2\/media?parent=6072"}],"wp:term":[{"taxonomy":"product_brand","embeddable":true,"href":"https:\/\/www.mundialsc.com.br\/loja\/wp-json\/wp\/v2\/product_brand?post=6072"},{"taxonomy":"product_cat","embeddable":true,"href":"https:\/\/www.mundialsc.com.br\/loja\/wp-json\/wp\/v2\/product_cat?post=6072"},{"taxonomy":"product_tag","embeddable":true,"href":"https:\/\/www.mundialsc.com.br\/loja\/wp-json\/wp\/v2\/product_tag?post=6072"}],"curies":[{"name":"wp","href":"https:\/\/api.w.org\/{rel}","templated":true}]}}