{"id":6068,"date":"2020-09-09T08:22:51","date_gmt":"2020-09-09T11:22:51","guid":{"rendered":"https:\/\/www.mundialsc.com.br\/loja\/?post_type=product&#038;p=6068"},"modified":"2023-11-30T11:31:01","modified_gmt":"2023-11-30T14:31:01","slug":"jogo-junta-completo-ssangyong-kyron-2-0","status":"publish","type":"product","link":"https:\/\/www.mundialsc.com.br\/loja\/produto\/jogo-junta-completo-ssangyong-kyron-2-0\/","title":{"rendered":"Jogo Junta Completo Ssangyong Kyron 2.0"},"content":{"rendered":"<p>Jogo De Juntas<br \/>\nC\u00f3digo Interno: 50287700<br \/>\nPRODUTO ORIGINAL AJUSA<\/p>\n<p>Aplica\u00e7\u00e3o:<\/p>\n<p>SSANGYONG<\/p>\n<p>KYRON 2.0 2008 EM DIANTE<\/p>\n","protected":false},"excerpt":{"rendered":"<p>Jogo De Juntas C\u00f3digo Interno: 50287700 PRODUTO ORIGINAL AJUSA Aplica\u00e7\u00e3o: SSANGYONG KYRON 2.0 2008 EM DIANTE<\/p>\n","protected":false},"featured_media":6077,"template":"","meta":[],"product_brand":[],"product_cat":[108],"product_tag":[],"class_list":{"0":"post-6068","1":"product","2":"type-product","3":"status-publish","4":"has-post-thumbnail","6":"product_cat-junta","8":"first","9":"instock","10":"shipping-taxable","11":"product-type-simple"},"_links":{"self":[{"href":"https:\/\/www.mundialsc.com.br\/loja\/wp-json\/wp\/v2\/product\/6068","targetHints":{"allow":["GET"]}}],"collection":[{"href":"https:\/\/www.mundialsc.com.br\/loja\/wp-json\/wp\/v2\/product"}],"about":[{"href":"https:\/\/www.mundialsc.com.br\/loja\/wp-json\/wp\/v2\/types\/product"}],"wp:featuredmedia":[{"embeddable":true,"href":"https:\/\/www.mundialsc.com.br\/loja\/wp-json\/wp\/v2\/media\/6077"}],"wp:attachment":[{"href":"https:\/\/www.mundialsc.com.br\/loja\/wp-json\/wp\/v2\/media?parent=6068"}],"wp:term":[{"taxonomy":"product_brand","embeddable":true,"href":"https:\/\/www.mundialsc.com.br\/loja\/wp-json\/wp\/v2\/product_brand?post=6068"},{"taxonomy":"product_cat","embeddable":true,"href":"https:\/\/www.mundialsc.com.br\/loja\/wp-json\/wp\/v2\/product_cat?post=6068"},{"taxonomy":"product_tag","embeddable":true,"href":"https:\/\/www.mundialsc.com.br\/loja\/wp-json\/wp\/v2\/product_tag?post=6068"}],"curies":[{"name":"wp","href":"https:\/\/api.w.org\/{rel}","templated":true}]}}