{"id":6062,"date":"2020-09-08T14:59:08","date_gmt":"2020-09-08T17:59:08","guid":{"rendered":"https:\/\/www.mundialsc.com.br\/loja\/?post_type=product&#038;p=6062"},"modified":"2023-11-28T11:43:52","modified_gmt":"2023-11-28T14:43:52","slug":"planetaria-com-eixo-ssangyong","status":"publish","type":"product","link":"https:\/\/www.mundialsc.com.br\/loja\/produto\/planetaria-com-eixo-ssangyong\/","title":{"rendered":"Planet\u00e1ria Com Eixo Ssangyong"},"content":{"rendered":"<p>Planet\u00e1ria Com Eixo<br \/>\nC\u00f3digo Interno: MSSY11<br \/>\nPRODUTO ORIGINAL <\/p>\n<p>Aplica\u00e7\u00e3o:<\/p>\n<p>SSANGYONG<\/p>\n<p>CONFIRMA\u00c7\u00c3O VIA FOTO<\/p>\n","protected":false},"excerpt":{"rendered":"<p>Planet\u00e1ria Com Eixo C\u00f3digo Interno: MSSY11 PRODUTO ORIGINAL Aplica\u00e7\u00e3o: SSANGYONG CONFIRMA\u00c7\u00c3O VIA FOTO<\/p>\n","protected":false},"featured_media":6063,"template":"","meta":[],"product_brand":[],"product_cat":[151,37],"product_tag":[],"class_list":{"0":"post-6062","1":"product","2":"type-product","3":"status-publish","4":"has-post-thumbnail","6":"product_cat-engrenagem","7":"product_cat-transmissao","9":"first","10":"instock","11":"shipping-taxable","12":"product-type-simple"},"_links":{"self":[{"href":"https:\/\/www.mundialsc.com.br\/loja\/wp-json\/wp\/v2\/product\/6062","targetHints":{"allow":["GET"]}}],"collection":[{"href":"https:\/\/www.mundialsc.com.br\/loja\/wp-json\/wp\/v2\/product"}],"about":[{"href":"https:\/\/www.mundialsc.com.br\/loja\/wp-json\/wp\/v2\/types\/product"}],"wp:featuredmedia":[{"embeddable":true,"href":"https:\/\/www.mundialsc.com.br\/loja\/wp-json\/wp\/v2\/media\/6063"}],"wp:attachment":[{"href":"https:\/\/www.mundialsc.com.br\/loja\/wp-json\/wp\/v2\/media?parent=6062"}],"wp:term":[{"taxonomy":"product_brand","embeddable":true,"href":"https:\/\/www.mundialsc.com.br\/loja\/wp-json\/wp\/v2\/product_brand?post=6062"},{"taxonomy":"product_cat","embeddable":true,"href":"https:\/\/www.mundialsc.com.br\/loja\/wp-json\/wp\/v2\/product_cat?post=6062"},{"taxonomy":"product_tag","embeddable":true,"href":"https:\/\/www.mundialsc.com.br\/loja\/wp-json\/wp\/v2\/product_tag?post=6062"}],"curies":[{"name":"wp","href":"https:\/\/api.w.org\/{rel}","templated":true}]}}