{"id":5928,"date":"2020-08-21T15:16:30","date_gmt":"2020-08-21T18:16:30","guid":{"rendered":"https:\/\/www.mundialsc.com.br\/loja\/?post_type=product&#038;p=5928"},"modified":"2020-08-21T15:16:30","modified_gmt":"2020-08-21T18:16:30","slug":"bucha-inferior-central-ssangyong-rexton-2002-original","status":"publish","type":"product","link":"https:\/\/www.mundialsc.com.br\/loja\/produto\/bucha-inferior-central-ssangyong-rexton-2002-original\/","title":{"rendered":"Bucha Inferior Central Ssangyong Rexton 2002 Original"},"content":{"rendered":"<p>Bucha Inferior Central<br \/>\nC\u00f3digo Original: 4451708000<br \/>\nPRODUTO ORIGINAL<\/p>\n<p>Aplica\u00e7\u00e3o:<\/p>\n<p>REXTON 2002<\/p>\n","protected":false},"excerpt":{"rendered":"<p>Bucha Inferior Central C\u00f3digo Original: 4451708000 PRODUTO ORIGINAL Aplica\u00e7\u00e3o: REXTON 2002<\/p>\n","protected":false},"featured_media":5929,"template":"","meta":[],"product_brand":[],"product_cat":[110,44],"product_tag":[],"class_list":{"0":"post-5928","1":"product","2":"type-product","3":"status-publish","4":"has-post-thumbnail","6":"product_cat-bucha","7":"product_cat-suspensao","9":"first","10":"instock","11":"shipping-taxable","12":"purchasable","13":"product-type-simple"},"_links":{"self":[{"href":"https:\/\/www.mundialsc.com.br\/loja\/wp-json\/wp\/v2\/product\/5928","targetHints":{"allow":["GET"]}}],"collection":[{"href":"https:\/\/www.mundialsc.com.br\/loja\/wp-json\/wp\/v2\/product"}],"about":[{"href":"https:\/\/www.mundialsc.com.br\/loja\/wp-json\/wp\/v2\/types\/product"}],"wp:featuredmedia":[{"embeddable":true,"href":"https:\/\/www.mundialsc.com.br\/loja\/wp-json\/wp\/v2\/media\/5929"}],"wp:attachment":[{"href":"https:\/\/www.mundialsc.com.br\/loja\/wp-json\/wp\/v2\/media?parent=5928"}],"wp:term":[{"taxonomy":"product_brand","embeddable":true,"href":"https:\/\/www.mundialsc.com.br\/loja\/wp-json\/wp\/v2\/product_brand?post=5928"},{"taxonomy":"product_cat","embeddable":true,"href":"https:\/\/www.mundialsc.com.br\/loja\/wp-json\/wp\/v2\/product_cat?post=5928"},{"taxonomy":"product_tag","embeddable":true,"href":"https:\/\/www.mundialsc.com.br\/loja\/wp-json\/wp\/v2\/product_tag?post=5928"}],"curies":[{"name":"wp","href":"https:\/\/api.w.org\/{rel}","templated":true}]}}