{"id":5851,"date":"2020-08-18T11:44:04","date_gmt":"2020-08-18T14:44:04","guid":{"rendered":"https:\/\/www.mundialsc.com.br\/loja\/?post_type=product&#038;p=5851"},"modified":"2021-02-04T15:47:26","modified_gmt":"2021-02-04T18:47:26","slug":"filtro-de-combustivel-ssangyong-korando-2-0","status":"publish","type":"product","link":"https:\/\/www.mundialsc.com.br\/loja\/produto\/filtro-de-combustivel-ssangyong-korando-2-0\/","title":{"rendered":"Filtro De Combust\u00edvel Ssangyong Korando 2.0"},"content":{"rendered":"<p>Filtro De Combust\u00edvel<br \/>\nC\u00f3digo Original: 2247634000<br \/>\nC\u00f3digo Interno: FCECO081<\/p>\n<p>Aplica\u00e7\u00e3o:<\/p>\n<p>KORANDO 2.0 2010 EM DIANTE<\/p>\n","protected":false},"excerpt":{"rendered":"<p>Filtro De Combust\u00edvel C\u00f3digo Original: 2247634000 C\u00f3digo Interno: FCECO081 Aplica\u00e7\u00e3o: KORANDO 2.0 2010 EM DIANTE<\/p>\n","protected":false},"featured_media":9362,"template":"","meta":[],"product_brand":[],"product_cat":[153,39],"product_tag":[],"class_list":{"0":"post-5851","1":"product","2":"type-product","3":"status-publish","4":"has-post-thumbnail","6":"product_cat-combustivel","7":"product_cat-filtros","9":"first","10":"instock","11":"shipping-taxable","12":"purchasable","13":"product-type-simple"},"_links":{"self":[{"href":"https:\/\/www.mundialsc.com.br\/loja\/wp-json\/wp\/v2\/product\/5851","targetHints":{"allow":["GET"]}}],"collection":[{"href":"https:\/\/www.mundialsc.com.br\/loja\/wp-json\/wp\/v2\/product"}],"about":[{"href":"https:\/\/www.mundialsc.com.br\/loja\/wp-json\/wp\/v2\/types\/product"}],"wp:featuredmedia":[{"embeddable":true,"href":"https:\/\/www.mundialsc.com.br\/loja\/wp-json\/wp\/v2\/media\/9362"}],"wp:attachment":[{"href":"https:\/\/www.mundialsc.com.br\/loja\/wp-json\/wp\/v2\/media?parent=5851"}],"wp:term":[{"taxonomy":"product_brand","embeddable":true,"href":"https:\/\/www.mundialsc.com.br\/loja\/wp-json\/wp\/v2\/product_brand?post=5851"},{"taxonomy":"product_cat","embeddable":true,"href":"https:\/\/www.mundialsc.com.br\/loja\/wp-json\/wp\/v2\/product_cat?post=5851"},{"taxonomy":"product_tag","embeddable":true,"href":"https:\/\/www.mundialsc.com.br\/loja\/wp-json\/wp\/v2\/product_tag?post=5851"}],"curies":[{"name":"wp","href":"https:\/\/api.w.org\/{rel}","templated":true}]}}