{"id":5771,"date":"2020-08-12T16:35:47","date_gmt":"2020-08-12T19:35:47","guid":{"rendered":"https:\/\/www.mundialsc.com.br\/loja\/?post_type=product&#038;p=5771"},"modified":"2021-02-02T09:41:00","modified_gmt":"2021-02-02T12:41:00","slug":"sensor-interruptor-freio-ssangyong-actyon-sports","status":"publish","type":"product","link":"https:\/\/www.mundialsc.com.br\/loja\/produto\/sensor-interruptor-freio-ssangyong-actyon-sports\/","title":{"rendered":"Sensor Interruptor Freio Ssangyong Actyon Sports"},"content":{"rendered":"<p>Sensor Interruptor Freio<br \/>\nC\u00f3digo Interno: 405 &#8211; 3RH0<\/p>\n<p>Aplica\u00e7\u00e3o:<\/p>\n<p>SSANGYONG<\/p>\n<p>ACTYON SPORTS 2.0 &#8211; 04 PINOS<\/p>\n","protected":false},"excerpt":{"rendered":"<p>Sensor Interruptor Freio C\u00f3digo Interno: 405 &#8211; 3RH0 Aplica\u00e7\u00e3o: SSANGYONG ACTYON SPORTS 2.0 &#8211; 04 PINOS<\/p>\n","protected":false},"featured_media":9315,"template":"","meta":[],"product_brand":[],"product_cat":[41,137],"product_tag":[],"class_list":{"0":"post-5771","1":"product","2":"type-product","3":"status-publish","4":"has-post-thumbnail","6":"product_cat-freios","7":"product_cat-sensor-freios","9":"first","10":"instock","11":"shipping-taxable","12":"purchasable","13":"product-type-simple"},"_links":{"self":[{"href":"https:\/\/www.mundialsc.com.br\/loja\/wp-json\/wp\/v2\/product\/5771","targetHints":{"allow":["GET"]}}],"collection":[{"href":"https:\/\/www.mundialsc.com.br\/loja\/wp-json\/wp\/v2\/product"}],"about":[{"href":"https:\/\/www.mundialsc.com.br\/loja\/wp-json\/wp\/v2\/types\/product"}],"wp:featuredmedia":[{"embeddable":true,"href":"https:\/\/www.mundialsc.com.br\/loja\/wp-json\/wp\/v2\/media\/9315"}],"wp:attachment":[{"href":"https:\/\/www.mundialsc.com.br\/loja\/wp-json\/wp\/v2\/media?parent=5771"}],"wp:term":[{"taxonomy":"product_brand","embeddable":true,"href":"https:\/\/www.mundialsc.com.br\/loja\/wp-json\/wp\/v2\/product_brand?post=5771"},{"taxonomy":"product_cat","embeddable":true,"href":"https:\/\/www.mundialsc.com.br\/loja\/wp-json\/wp\/v2\/product_cat?post=5771"},{"taxonomy":"product_tag","embeddable":true,"href":"https:\/\/www.mundialsc.com.br\/loja\/wp-json\/wp\/v2\/product_tag?post=5771"}],"curies":[{"name":"wp","href":"https:\/\/api.w.org\/{rel}","templated":true}]}}