{"id":5765,"date":"2020-08-12T16:33:05","date_gmt":"2020-08-12T19:33:05","guid":{"rendered":"https:\/\/www.mundialsc.com.br\/loja\/?post_type=product&#038;p=5765"},"modified":"2021-02-02T09:41:19","modified_gmt":"2021-02-02T12:41:19","slug":"sensor-interruptor-freio-ssangyong-actyon-suv-2-3","status":"publish","type":"product","link":"https:\/\/www.mundialsc.com.br\/loja\/produto\/sensor-interruptor-freio-ssangyong-actyon-suv-2-3\/","title":{"rendered":"Sensor Interruptor Freio Ssangyong Actyon Suv 2.3"},"content":{"rendered":"<p>Sensor Interruptor Freio<br \/>\nC\u00f3digo Interno: 405 &#8211; 3RH0<\/p>\n<p>Aplica\u00e7\u00e3o:<\/p>\n<p>SSANGYONG<\/p>\n<p>ACTYON SUV 2.3 &#8211; 04 PINOS<\/p>\n","protected":false},"excerpt":{"rendered":"<p>Sensor Interruptor Freio C\u00f3digo Interno: 405 &#8211; 3RH0 Aplica\u00e7\u00e3o: SSANGYONG ACTYON SUV 2.3 &#8211; 04 PINOS<\/p>\n","protected":false},"featured_media":9315,"template":"","meta":[],"product_brand":[],"product_cat":[41,137],"product_tag":[],"class_list":{"0":"post-5765","1":"product","2":"type-product","3":"status-publish","4":"has-post-thumbnail","6":"product_cat-freios","7":"product_cat-sensor-freios","9":"first","10":"instock","11":"shipping-taxable","12":"purchasable","13":"product-type-simple"},"_links":{"self":[{"href":"https:\/\/www.mundialsc.com.br\/loja\/wp-json\/wp\/v2\/product\/5765","targetHints":{"allow":["GET"]}}],"collection":[{"href":"https:\/\/www.mundialsc.com.br\/loja\/wp-json\/wp\/v2\/product"}],"about":[{"href":"https:\/\/www.mundialsc.com.br\/loja\/wp-json\/wp\/v2\/types\/product"}],"wp:featuredmedia":[{"embeddable":true,"href":"https:\/\/www.mundialsc.com.br\/loja\/wp-json\/wp\/v2\/media\/9315"}],"wp:attachment":[{"href":"https:\/\/www.mundialsc.com.br\/loja\/wp-json\/wp\/v2\/media?parent=5765"}],"wp:term":[{"taxonomy":"product_brand","embeddable":true,"href":"https:\/\/www.mundialsc.com.br\/loja\/wp-json\/wp\/v2\/product_brand?post=5765"},{"taxonomy":"product_cat","embeddable":true,"href":"https:\/\/www.mundialsc.com.br\/loja\/wp-json\/wp\/v2\/product_cat?post=5765"},{"taxonomy":"product_tag","embeddable":true,"href":"https:\/\/www.mundialsc.com.br\/loja\/wp-json\/wp\/v2\/product_tag?post=5765"}],"curies":[{"name":"wp","href":"https:\/\/api.w.org\/{rel}","templated":true}]}}