{"id":5763,"date":"2020-08-12T14:45:20","date_gmt":"2020-08-12T17:45:20","guid":{"rendered":"https:\/\/www.mundialsc.com.br\/loja\/?post_type=product&#038;p=5763"},"modified":"2020-08-12T14:47:14","modified_gmt":"2020-08-12T17:47:14","slug":"filtro-combustivel-ssangyong-xlv-1-6","status":"publish","type":"product","link":"https:\/\/www.mundialsc.com.br\/loja\/produto\/filtro-combustivel-ssangyong-xlv-1-6\/","title":{"rendered":"Filtro Combust\u00edvel Ssangyong Xlv 1.6"},"content":{"rendered":"<p>Filtro Combust\u00edvel<br \/>\nC\u00f3digo Original: 2234035100<br \/>\nPRODUTO ORIGINAL<\/p>\n<p>Aplica\u00e7\u00e3o:<\/p>\n<p>SSANGYONG<\/p>\n<p>XLV 1.6 2018 EM DIANTE<\/p>\n","protected":false},"excerpt":{"rendered":"<p>Filtro Combust\u00edvel C\u00f3digo Original: 2234035100 PRODUTO ORIGINAL Aplica\u00e7\u00e3o: SSANGYONG XLV 1.6 2018 EM DIANTE<\/p>\n","protected":false},"featured_media":5756,"template":"","meta":[],"product_brand":[],"product_cat":[153,39],"product_tag":[],"class_list":{"0":"post-5763","1":"product","2":"type-product","3":"status-publish","4":"has-post-thumbnail","6":"product_cat-combustivel","7":"product_cat-filtros","9":"first","10":"instock","11":"shipping-taxable","12":"purchasable","13":"product-type-simple"},"_links":{"self":[{"href":"https:\/\/www.mundialsc.com.br\/loja\/wp-json\/wp\/v2\/product\/5763","targetHints":{"allow":["GET"]}}],"collection":[{"href":"https:\/\/www.mundialsc.com.br\/loja\/wp-json\/wp\/v2\/product"}],"about":[{"href":"https:\/\/www.mundialsc.com.br\/loja\/wp-json\/wp\/v2\/types\/product"}],"wp:featuredmedia":[{"embeddable":true,"href":"https:\/\/www.mundialsc.com.br\/loja\/wp-json\/wp\/v2\/media\/5756"}],"wp:attachment":[{"href":"https:\/\/www.mundialsc.com.br\/loja\/wp-json\/wp\/v2\/media?parent=5763"}],"wp:term":[{"taxonomy":"product_brand","embeddable":true,"href":"https:\/\/www.mundialsc.com.br\/loja\/wp-json\/wp\/v2\/product_brand?post=5763"},{"taxonomy":"product_cat","embeddable":true,"href":"https:\/\/www.mundialsc.com.br\/loja\/wp-json\/wp\/v2\/product_cat?post=5763"},{"taxonomy":"product_tag","embeddable":true,"href":"https:\/\/www.mundialsc.com.br\/loja\/wp-json\/wp\/v2\/product_tag?post=5763"}],"curies":[{"name":"wp","href":"https:\/\/api.w.org\/{rel}","templated":true}]}}