{"id":5761,"date":"2020-08-12T14:31:39","date_gmt":"2020-08-12T17:31:39","guid":{"rendered":"https:\/\/www.mundialsc.com.br\/loja\/?post_type=product&#038;p=5761"},"modified":"2020-08-12T14:44:50","modified_gmt":"2020-08-12T17:44:50","slug":"filtro-combustivel-ssangyong-tivoli-1-6-original","status":"publish","type":"product","link":"https:\/\/www.mundialsc.com.br\/loja\/produto\/filtro-combustivel-ssangyong-tivoli-1-6-original\/","title":{"rendered":"Filtro Combust\u00edvel Ssangyong Tivoli 1.6 Original"},"content":{"rendered":"<p>Filtro Combust\u00edvel<br \/>\nC\u00f3digo Original: 2234035100<br \/>\nPRODUTO ORIGINAL<\/p>\n<p>Aplica\u00e7\u00e3o:<\/p>\n<p>SSANGYONG<\/p>\n<p>TIVOLI 1.6 2017 EM DIANTE<\/p>\n","protected":false},"excerpt":{"rendered":"<p>Filtro Combust\u00edvel C\u00f3digo Original: 2234035100 PRODUTO ORIGINAL Aplica\u00e7\u00e3o: SSANGYONG TIVOLI 1.6 2017 EM DIANTE<\/p>\n","protected":false},"featured_media":5756,"template":"","meta":[],"product_brand":[],"product_cat":[153,39],"product_tag":[],"class_list":{"0":"post-5761","1":"product","2":"type-product","3":"status-publish","4":"has-post-thumbnail","6":"product_cat-combustivel","7":"product_cat-filtros","9":"first","10":"instock","11":"shipping-taxable","12":"purchasable","13":"product-type-simple"},"_links":{"self":[{"href":"https:\/\/www.mundialsc.com.br\/loja\/wp-json\/wp\/v2\/product\/5761","targetHints":{"allow":["GET"]}}],"collection":[{"href":"https:\/\/www.mundialsc.com.br\/loja\/wp-json\/wp\/v2\/product"}],"about":[{"href":"https:\/\/www.mundialsc.com.br\/loja\/wp-json\/wp\/v2\/types\/product"}],"wp:featuredmedia":[{"embeddable":true,"href":"https:\/\/www.mundialsc.com.br\/loja\/wp-json\/wp\/v2\/media\/5756"}],"wp:attachment":[{"href":"https:\/\/www.mundialsc.com.br\/loja\/wp-json\/wp\/v2\/media?parent=5761"}],"wp:term":[{"taxonomy":"product_brand","embeddable":true,"href":"https:\/\/www.mundialsc.com.br\/loja\/wp-json\/wp\/v2\/product_brand?post=5761"},{"taxonomy":"product_cat","embeddable":true,"href":"https:\/\/www.mundialsc.com.br\/loja\/wp-json\/wp\/v2\/product_cat?post=5761"},{"taxonomy":"product_tag","embeddable":true,"href":"https:\/\/www.mundialsc.com.br\/loja\/wp-json\/wp\/v2\/product_tag?post=5761"}],"curies":[{"name":"wp","href":"https:\/\/api.w.org\/{rel}","templated":true}]}}