{"id":5659,"date":"2020-08-06T09:36:04","date_gmt":"2020-08-06T12:36:04","guid":{"rendered":"https:\/\/www.mundialsc.com.br\/loja\/?post_type=product&#038;p=5659"},"modified":"2020-08-06T09:36:43","modified_gmt":"2020-08-06T12:36:43","slug":"kit-vela-aquecedora-ssangyong-rexton-2-7","status":"publish","type":"product","link":"https:\/\/www.mundialsc.com.br\/loja\/produto\/kit-vela-aquecedora-ssangyong-rexton-2-7\/","title":{"rendered":"Kit Vela Aquecedora Ssangyong Rexton 2.7"},"content":{"rendered":"<p>Kit Vela Aquecedora 05un<br \/>\nC\u00f3digo Original: 6641590001<br \/>\nC\u00f3digo Interno: B-121<\/p>\n<p>Aplica\u00e7\u00e3o:<\/p>\n<p>SSANGYONG<\/p>\n<p>REXTON 2.7<\/p>\n","protected":false},"excerpt":{"rendered":"<p>Kit Vela Aquecedora 05un C\u00f3digo Original: 6641590001 C\u00f3digo Interno: B-121 Aplica\u00e7\u00e3o: SSANGYONG REXTON 2.7<\/p>\n","protected":false},"featured_media":5658,"template":"","meta":[],"product_brand":[],"product_cat":[42,113],"product_tag":[],"class_list":{"0":"post-5659","1":"product","2":"type-product","3":"status-publish","4":"has-post-thumbnail","6":"product_cat-motor","7":"product_cat-vela","9":"first","10":"instock","11":"shipping-taxable","12":"purchasable","13":"product-type-simple"},"_links":{"self":[{"href":"https:\/\/www.mundialsc.com.br\/loja\/wp-json\/wp\/v2\/product\/5659","targetHints":{"allow":["GET"]}}],"collection":[{"href":"https:\/\/www.mundialsc.com.br\/loja\/wp-json\/wp\/v2\/product"}],"about":[{"href":"https:\/\/www.mundialsc.com.br\/loja\/wp-json\/wp\/v2\/types\/product"}],"wp:featuredmedia":[{"embeddable":true,"href":"https:\/\/www.mundialsc.com.br\/loja\/wp-json\/wp\/v2\/media\/5658"}],"wp:attachment":[{"href":"https:\/\/www.mundialsc.com.br\/loja\/wp-json\/wp\/v2\/media?parent=5659"}],"wp:term":[{"taxonomy":"product_brand","embeddable":true,"href":"https:\/\/www.mundialsc.com.br\/loja\/wp-json\/wp\/v2\/product_brand?post=5659"},{"taxonomy":"product_cat","embeddable":true,"href":"https:\/\/www.mundialsc.com.br\/loja\/wp-json\/wp\/v2\/product_cat?post=5659"},{"taxonomy":"product_tag","embeddable":true,"href":"https:\/\/www.mundialsc.com.br\/loja\/wp-json\/wp\/v2\/product_tag?post=5659"}],"curies":[{"name":"wp","href":"https:\/\/api.w.org\/{rel}","templated":true}]}}