{"id":5620,"date":"2020-08-05T09:58:50","date_gmt":"2020-08-05T12:58:50","guid":{"rendered":"https:\/\/www.mundialsc.com.br\/loja\/?post_type=product&#038;p=5620"},"modified":"2024-01-26T14:44:27","modified_gmt":"2024-01-26T17:44:27","slug":"pivo-superior-mahindra-pik-up-4x2-4x4-original","status":"publish","type":"product","link":"https:\/\/www.mundialsc.com.br\/loja\/produto\/pivo-superior-mahindra-pik-up-4x2-4x4-original\/","title":{"rendered":"Piv\u00f4 Superior Mahindra Pik Up 4&#215;2 &#038; 4&#215;4"},"content":{"rendered":"<p>Piv\u00f4 Superior<br \/>\nC\u00f3digo Original: 0401BA0140n<\/p>\n<p>Aplica\u00e7\u00e3o:<\/p>\n<p>MAHINDRA<\/p>\n<p>PIK UP 4X2 &#038; 4X4 <\/p>\n","protected":false},"excerpt":{"rendered":"<p>Piv\u00f4 Superior C\u00f3digo Original: 0401BA0140n Aplica\u00e7\u00e3o: MAHINDRA PIK UP 4X2 &#038; 4X4<\/p>\n","protected":false},"featured_media":9268,"template":"","meta":[],"product_brand":[],"product_cat":[122,44],"product_tag":[],"class_list":{"0":"post-5620","1":"product","2":"type-product","3":"status-publish","4":"has-post-thumbnail","6":"product_cat-pivo","7":"product_cat-suspensao","9":"first","10":"instock","11":"shipping-taxable","12":"product-type-simple"},"_links":{"self":[{"href":"https:\/\/www.mundialsc.com.br\/loja\/wp-json\/wp\/v2\/product\/5620","targetHints":{"allow":["GET"]}}],"collection":[{"href":"https:\/\/www.mundialsc.com.br\/loja\/wp-json\/wp\/v2\/product"}],"about":[{"href":"https:\/\/www.mundialsc.com.br\/loja\/wp-json\/wp\/v2\/types\/product"}],"wp:featuredmedia":[{"embeddable":true,"href":"https:\/\/www.mundialsc.com.br\/loja\/wp-json\/wp\/v2\/media\/9268"}],"wp:attachment":[{"href":"https:\/\/www.mundialsc.com.br\/loja\/wp-json\/wp\/v2\/media?parent=5620"}],"wp:term":[{"taxonomy":"product_brand","embeddable":true,"href":"https:\/\/www.mundialsc.com.br\/loja\/wp-json\/wp\/v2\/product_brand?post=5620"},{"taxonomy":"product_cat","embeddable":true,"href":"https:\/\/www.mundialsc.com.br\/loja\/wp-json\/wp\/v2\/product_cat?post=5620"},{"taxonomy":"product_tag","embeddable":true,"href":"https:\/\/www.mundialsc.com.br\/loja\/wp-json\/wp\/v2\/product_tag?post=5620"}],"curies":[{"name":"wp","href":"https:\/\/api.w.org\/{rel}","templated":true}]}}