{"id":5619,"date":"2020-08-05T09:54:00","date_gmt":"2020-08-05T12:54:00","guid":{"rendered":"https:\/\/www.mundialsc.com.br\/loja\/?post_type=product&#038;p=5619"},"modified":"2024-01-26T14:44:38","modified_gmt":"2024-01-26T17:44:38","slug":"sensor-temperatura-mahindra-pik-up-2-6-4x4-original","status":"publish","type":"product","link":"https:\/\/www.mundialsc.com.br\/loja\/produto\/sensor-temperatura-mahindra-pik-up-2-6-4x4-original\/","title":{"rendered":"Sensor Temperatura Mahindra Pik Up 2.6 4&#215;4 Original"},"content":{"rendered":"<p>Sensor Temperatura<br \/>\nC\u00f3digo Original: 03090c0071n<br \/>\nPRODUTO ORIGINAL<\/p>\n<p>Aplica\u00e7\u00e3o:<\/p>\n<p>MAHINDRA<\/p>\n<p>PIK UP 2.6 4X4 <\/p>\n","protected":false},"excerpt":{"rendered":"<p>Sensor Temperatura C\u00f3digo Original: 03090c0071n PRODUTO ORIGINAL Aplica\u00e7\u00e3o: MAHINDRA PIK UP 2.6 4X4<\/p>\n","protected":false},"featured_media":9264,"template":"","meta":[],"product_brand":[],"product_cat":[42,115],"product_tag":[],"class_list":{"0":"post-5619","1":"product","2":"type-product","3":"status-publish","4":"has-post-thumbnail","6":"product_cat-motor","7":"product_cat-sensor","9":"first","10":"instock","11":"shipping-taxable","12":"product-type-simple"},"_links":{"self":[{"href":"https:\/\/www.mundialsc.com.br\/loja\/wp-json\/wp\/v2\/product\/5619","targetHints":{"allow":["GET"]}}],"collection":[{"href":"https:\/\/www.mundialsc.com.br\/loja\/wp-json\/wp\/v2\/product"}],"about":[{"href":"https:\/\/www.mundialsc.com.br\/loja\/wp-json\/wp\/v2\/types\/product"}],"wp:featuredmedia":[{"embeddable":true,"href":"https:\/\/www.mundialsc.com.br\/loja\/wp-json\/wp\/v2\/media\/9264"}],"wp:attachment":[{"href":"https:\/\/www.mundialsc.com.br\/loja\/wp-json\/wp\/v2\/media?parent=5619"}],"wp:term":[{"taxonomy":"product_brand","embeddable":true,"href":"https:\/\/www.mundialsc.com.br\/loja\/wp-json\/wp\/v2\/product_brand?post=5619"},{"taxonomy":"product_cat","embeddable":true,"href":"https:\/\/www.mundialsc.com.br\/loja\/wp-json\/wp\/v2\/product_cat?post=5619"},{"taxonomy":"product_tag","embeddable":true,"href":"https:\/\/www.mundialsc.com.br\/loja\/wp-json\/wp\/v2\/product_tag?post=5619"}],"curies":[{"name":"wp","href":"https:\/\/api.w.org\/{rel}","templated":true}]}}