{"id":5613,"date":"2020-08-05T09:46:21","date_gmt":"2020-08-05T12:46:21","guid":{"rendered":"https:\/\/www.mundialsc.com.br\/loja\/?post_type=product&#038;p=5613"},"modified":"2021-02-01T15:08:32","modified_gmt":"2021-02-01T18:08:32","slug":"par-de-terminais-de-direcao-mahindra-pik-up-4x4-originais","status":"publish","type":"product","link":"https:\/\/www.mundialsc.com.br\/loja\/produto\/par-de-terminais-de-direcao-mahindra-pik-up-4x4-originais\/","title":{"rendered":"Par De Terminais De Dire\u00e7\u00e3o Mahindra Pik Up 4&#215;4"},"content":{"rendered":"<p>Par De Terminais De Dire\u00e7\u00e3o<br \/>\nC\u00f3digo Original: 1102AA0720N <\/p>\n<p>Aplica\u00e7\u00e3o:<\/p>\n<p>MAHINDRA<\/p>\n<p>PIK UP 4X4<\/p>\n","protected":false},"excerpt":{"rendered":"<p>Par De Terminais De Dire\u00e7\u00e3o C\u00f3digo Original: 1102AA0720N Aplica\u00e7\u00e3o: MAHINDRA PIK UP 4X4<\/p>\n","protected":false},"featured_media":9304,"template":"","meta":[],"product_brand":[],"product_cat":[85,183],"product_tag":[],"class_list":{"0":"post-5613","1":"product","2":"type-product","3":"status-publish","4":"has-post-thumbnail","6":"product_cat-direcao","7":"product_cat-terminal","9":"first","10":"instock","11":"shipping-taxable","12":"purchasable","13":"product-type-simple"},"_links":{"self":[{"href":"https:\/\/www.mundialsc.com.br\/loja\/wp-json\/wp\/v2\/product\/5613","targetHints":{"allow":["GET"]}}],"collection":[{"href":"https:\/\/www.mundialsc.com.br\/loja\/wp-json\/wp\/v2\/product"}],"about":[{"href":"https:\/\/www.mundialsc.com.br\/loja\/wp-json\/wp\/v2\/types\/product"}],"wp:featuredmedia":[{"embeddable":true,"href":"https:\/\/www.mundialsc.com.br\/loja\/wp-json\/wp\/v2\/media\/9304"}],"wp:attachment":[{"href":"https:\/\/www.mundialsc.com.br\/loja\/wp-json\/wp\/v2\/media?parent=5613"}],"wp:term":[{"taxonomy":"product_brand","embeddable":true,"href":"https:\/\/www.mundialsc.com.br\/loja\/wp-json\/wp\/v2\/product_brand?post=5613"},{"taxonomy":"product_cat","embeddable":true,"href":"https:\/\/www.mundialsc.com.br\/loja\/wp-json\/wp\/v2\/product_cat?post=5613"},{"taxonomy":"product_tag","embeddable":true,"href":"https:\/\/www.mundialsc.com.br\/loja\/wp-json\/wp\/v2\/product_tag?post=5613"}],"curies":[{"name":"wp","href":"https:\/\/api.w.org\/{rel}","templated":true}]}}