{"id":5588,"date":"2020-08-03T18:09:50","date_gmt":"2020-08-03T21:09:50","guid":{"rendered":"https:\/\/www.mundialsc.com.br\/loja\/?post_type=product&#038;p=5588"},"modified":"2021-01-25T18:12:20","modified_gmt":"2021-01-25T21:12:20","slug":"sensor-do-filtro-de-combustivel-ssangyong-actyon-suv-2-0","status":"publish","type":"product","link":"https:\/\/www.mundialsc.com.br\/loja\/produto\/sensor-do-filtro-de-combustivel-ssangyong-actyon-suv-2-0\/","title":{"rendered":"Sensor Do Filtro De Combust\u00edvel Ssangyong Actyon Suv 2.0"},"content":{"rendered":"<p>Sensor Filtro De Combust\u00edvel<br \/>\nC\u00f3digo Interno: 77<\/p>\n<p>Aplica\u00e7\u00e3o:<\/p>\n<p>SSANGYONG<\/p>\n<p>ACTYON SUV 2.0 DIESEL 2008 EM DIANTE<\/p>\n","protected":false},"excerpt":{"rendered":"<p>Sensor Filtro De Combust\u00edvel C\u00f3digo Interno: 77 Aplica\u00e7\u00e3o: SSANGYONG ACTYON SUV 2.0 DIESEL 2008 EM DIANTE<\/p>\n","protected":false},"featured_media":9250,"template":"","meta":[],"product_brand":[],"product_cat":[153,39,115],"product_tag":[],"class_list":{"0":"post-5588","1":"product","2":"type-product","3":"status-publish","4":"has-post-thumbnail","6":"product_cat-combustivel","7":"product_cat-filtros","8":"product_cat-sensor","10":"first","11":"instock","12":"shipping-taxable","13":"purchasable","14":"product-type-simple"},"_links":{"self":[{"href":"https:\/\/www.mundialsc.com.br\/loja\/wp-json\/wp\/v2\/product\/5588","targetHints":{"allow":["GET"]}}],"collection":[{"href":"https:\/\/www.mundialsc.com.br\/loja\/wp-json\/wp\/v2\/product"}],"about":[{"href":"https:\/\/www.mundialsc.com.br\/loja\/wp-json\/wp\/v2\/types\/product"}],"wp:featuredmedia":[{"embeddable":true,"href":"https:\/\/www.mundialsc.com.br\/loja\/wp-json\/wp\/v2\/media\/9250"}],"wp:attachment":[{"href":"https:\/\/www.mundialsc.com.br\/loja\/wp-json\/wp\/v2\/media?parent=5588"}],"wp:term":[{"taxonomy":"product_brand","embeddable":true,"href":"https:\/\/www.mundialsc.com.br\/loja\/wp-json\/wp\/v2\/product_brand?post=5588"},{"taxonomy":"product_cat","embeddable":true,"href":"https:\/\/www.mundialsc.com.br\/loja\/wp-json\/wp\/v2\/product_cat?post=5588"},{"taxonomy":"product_tag","embeddable":true,"href":"https:\/\/www.mundialsc.com.br\/loja\/wp-json\/wp\/v2\/product_tag?post=5588"}],"curies":[{"name":"wp","href":"https:\/\/api.w.org\/{rel}","templated":true}]}}