{"id":5580,"date":"2020-08-03T17:42:43","date_gmt":"2020-08-03T20:42:43","guid":{"rendered":"https:\/\/www.mundialsc.com.br\/loja\/?post_type=product&#038;p=5580"},"modified":"2021-01-25T13:52:40","modified_gmt":"2021-01-25T16:52:40","slug":"polia-roda-livre-ssangyong-new-actyon-2-0","status":"publish","type":"product","link":"https:\/\/www.mundialsc.com.br\/loja\/produto\/polia-roda-livre-ssangyong-new-actyon-2-0\/","title":{"rendered":"Polia Roda Livre Ssangyong New Actyon 2.0"},"content":{"rendered":"<p>Polia Roda Livre<br \/>\nC\u00f3digo Original: 6621553415<br \/>\nC\u00f3digo Interno: 5726<\/p>\n<p>Aplica\u00e7\u00e3o:<\/p>\n<p>SSANGYONG<\/p>\n<p>NEW ACTYON 2.0 TURBO DIESEL 2012 EM DIANTE &#8211; MEDIDAS: DI\u00c2METRO EXTERNO TOTAL 61mm X DI\u00c2METRO EXTERNO (FRISOS) 55,7mm X ESPESSURA TOTAL 42mm<\/p>\n","protected":false},"excerpt":{"rendered":"<p>Polia Roda Livre C\u00f3digo Original: 6621553415 C\u00f3digo Interno: 5726 Aplica\u00e7\u00e3o: SSANGYONG NEW ACTYON 2.0 TURBO DIESEL 2012 EM DIANTE &#8211;<\/p>\n","protected":false},"featured_media":9243,"template":"","meta":[],"product_brand":[],"product_cat":[105],"product_tag":[],"class_list":{"0":"post-5580","1":"product","2":"type-product","3":"status-publish","4":"has-post-thumbnail","6":"product_cat-polia-alternador","8":"first","9":"instock","10":"shipping-taxable","11":"purchasable","12":"product-type-simple"},"_links":{"self":[{"href":"https:\/\/www.mundialsc.com.br\/loja\/wp-json\/wp\/v2\/product\/5580","targetHints":{"allow":["GET"]}}],"collection":[{"href":"https:\/\/www.mundialsc.com.br\/loja\/wp-json\/wp\/v2\/product"}],"about":[{"href":"https:\/\/www.mundialsc.com.br\/loja\/wp-json\/wp\/v2\/types\/product"}],"wp:featuredmedia":[{"embeddable":true,"href":"https:\/\/www.mundialsc.com.br\/loja\/wp-json\/wp\/v2\/media\/9243"}],"wp:attachment":[{"href":"https:\/\/www.mundialsc.com.br\/loja\/wp-json\/wp\/v2\/media?parent=5580"}],"wp:term":[{"taxonomy":"product_brand","embeddable":true,"href":"https:\/\/www.mundialsc.com.br\/loja\/wp-json\/wp\/v2\/product_brand?post=5580"},{"taxonomy":"product_cat","embeddable":true,"href":"https:\/\/www.mundialsc.com.br\/loja\/wp-json\/wp\/v2\/product_cat?post=5580"},{"taxonomy":"product_tag","embeddable":true,"href":"https:\/\/www.mundialsc.com.br\/loja\/wp-json\/wp\/v2\/product_tag?post=5580"}],"curies":[{"name":"wp","href":"https:\/\/api.w.org\/{rel}","templated":true}]}}