{"id":5566,"date":"2020-08-03T17:26:07","date_gmt":"2020-08-03T20:26:07","guid":{"rendered":"https:\/\/www.mundialsc.com.br\/loja\/?post_type=product&#038;p=5566"},"modified":"2020-08-03T17:26:55","modified_gmt":"2020-08-03T20:26:55","slug":"correia-do-alternador-direcao-mahindra-2-2-suv-original","status":"publish","type":"product","link":"https:\/\/www.mundialsc.com.br\/loja\/produto\/correia-do-alternador-direcao-mahindra-2-2-suv-original\/","title":{"rendered":"Correia Do Alternador &#038; Dire\u00e7\u00e3o Mahindra 2.2 Suv Original"},"content":{"rendered":"<p>Correia Do Alternador &#038; Dire\u00e7\u00e3o<br \/>\nC\u00f3digo Original: 0306GM0061N<br \/>\nPRODUTO ORIGINAL<\/p>\n<p>Aplica\u00e7\u00e3o:<\/p>\n<p>MAHINDRA<\/p>\n<p>SUV 2.2 EURO 5<\/p>\n","protected":false},"excerpt":{"rendered":"<p>Correia Do Alternador &#038; Dire\u00e7\u00e3o C\u00f3digo Original: 0306GM0061N PRODUTO ORIGINAL Aplica\u00e7\u00e3o: MAHINDRA SUV 2.2 EURO 5<\/p>\n","protected":false},"featured_media":5573,"template":"","meta":[],"product_brand":[],"product_cat":[105],"product_tag":[],"class_list":{"0":"post-5566","1":"product","2":"type-product","3":"status-publish","4":"has-post-thumbnail","6":"product_cat-polia-alternador","8":"first","9":"instock","10":"shipping-taxable","11":"purchasable","12":"product-type-simple"},"_links":{"self":[{"href":"https:\/\/www.mundialsc.com.br\/loja\/wp-json\/wp\/v2\/product\/5566","targetHints":{"allow":["GET"]}}],"collection":[{"href":"https:\/\/www.mundialsc.com.br\/loja\/wp-json\/wp\/v2\/product"}],"about":[{"href":"https:\/\/www.mundialsc.com.br\/loja\/wp-json\/wp\/v2\/types\/product"}],"wp:featuredmedia":[{"embeddable":true,"href":"https:\/\/www.mundialsc.com.br\/loja\/wp-json\/wp\/v2\/media\/5573"}],"wp:attachment":[{"href":"https:\/\/www.mundialsc.com.br\/loja\/wp-json\/wp\/v2\/media?parent=5566"}],"wp:term":[{"taxonomy":"product_brand","embeddable":true,"href":"https:\/\/www.mundialsc.com.br\/loja\/wp-json\/wp\/v2\/product_brand?post=5566"},{"taxonomy":"product_cat","embeddable":true,"href":"https:\/\/www.mundialsc.com.br\/loja\/wp-json\/wp\/v2\/product_cat?post=5566"},{"taxonomy":"product_tag","embeddable":true,"href":"https:\/\/www.mundialsc.com.br\/loja\/wp-json\/wp\/v2\/product_tag?post=5566"}],"curies":[{"name":"wp","href":"https:\/\/api.w.org\/{rel}","templated":true}]}}