{"id":5560,"date":"2020-08-03T11:31:41","date_gmt":"2020-08-03T14:31:41","guid":{"rendered":"https:\/\/www.mundialsc.com.br\/loja\/?post_type=product&#038;p=5560"},"modified":"2021-02-01T13:57:07","modified_gmt":"2021-02-01T16:57:07","slug":"grade-esquerda-do-para-choque-mahindra-scorpio-original","status":"publish","type":"product","link":"https:\/\/www.mundialsc.com.br\/loja\/produto\/grade-esquerda-do-para-choque-mahindra-scorpio-original\/","title":{"rendered":"Grade Esquerda Do Para-choque Mahindra Scorpio"},"content":{"rendered":"<p>Grade Esquerda Para-choque<br \/>\nC\u00f3digo Original: 0119AAG01191N<\/p>\n<p>Aplica\u00e7\u00e3o:<\/p>\n<p>MAHINDRA<\/p>\n<p>SCORPIO<\/p>\n","protected":false},"excerpt":{"rendered":"<p>Grade Esquerda Para-choque C\u00f3digo Original: 0119AAG01191N Aplica\u00e7\u00e3o: MAHINDRA SCORPIO<\/p>\n","protected":false},"featured_media":9299,"template":"","meta":[],"product_brand":[],"product_cat":[159],"product_tag":[],"class_list":{"0":"post-5560","1":"product","2":"type-product","3":"status-publish","4":"has-post-thumbnail","6":"product_cat-acabamento","8":"first","9":"instock","10":"shipping-taxable","11":"purchasable","12":"product-type-simple"},"_links":{"self":[{"href":"https:\/\/www.mundialsc.com.br\/loja\/wp-json\/wp\/v2\/product\/5560","targetHints":{"allow":["GET"]}}],"collection":[{"href":"https:\/\/www.mundialsc.com.br\/loja\/wp-json\/wp\/v2\/product"}],"about":[{"href":"https:\/\/www.mundialsc.com.br\/loja\/wp-json\/wp\/v2\/types\/product"}],"wp:featuredmedia":[{"embeddable":true,"href":"https:\/\/www.mundialsc.com.br\/loja\/wp-json\/wp\/v2\/media\/9299"}],"wp:attachment":[{"href":"https:\/\/www.mundialsc.com.br\/loja\/wp-json\/wp\/v2\/media?parent=5560"}],"wp:term":[{"taxonomy":"product_brand","embeddable":true,"href":"https:\/\/www.mundialsc.com.br\/loja\/wp-json\/wp\/v2\/product_brand?post=5560"},{"taxonomy":"product_cat","embeddable":true,"href":"https:\/\/www.mundialsc.com.br\/loja\/wp-json\/wp\/v2\/product_cat?post=5560"},{"taxonomy":"product_tag","embeddable":true,"href":"https:\/\/www.mundialsc.com.br\/loja\/wp-json\/wp\/v2\/product_tag?post=5560"}],"curies":[{"name":"wp","href":"https:\/\/api.w.org\/{rel}","templated":true}]}}