{"id":5511,"date":"2020-07-28T10:32:45","date_gmt":"2020-07-28T13:32:45","guid":{"rendered":"https:\/\/www.mundialsc.com.br\/loja\/?post_type=product&#038;p=5511"},"modified":"2023-11-30T11:44:30","modified_gmt":"2023-11-30T14:44:30","slug":"bandeja-superior-direita-ssangyong-actyon-suv-2-3","status":"publish","type":"product","link":"https:\/\/www.mundialsc.com.br\/loja\/produto\/bandeja-superior-direita-ssangyong-actyon-suv-2-3\/","title":{"rendered":"Bandeja Superior Direita Ssangyong Actyon Suv 2.3"},"content":{"rendered":"<p>Bandeja Superior<br \/>\nC\u00f3digo Original: 44402-09001<\/p>\n<p>Aplica\u00e7\u00e3o:<\/p>\n<p>SSANGYONG<\/p>\n<p>ACTYON SUV 2.3 GASOLINA 2008 EM DIANTE<\/p>\n","protected":false},"excerpt":{"rendered":"<p>Bandeja Superior C\u00f3digo Original: 44402-09001 Aplica\u00e7\u00e3o: SSANGYONG ACTYON SUV 2.3 GASOLINA 2008 EM DIANTE<\/p>\n","protected":false},"featured_media":5512,"template":"","meta":[],"product_brand":[],"product_cat":[182,44],"product_tag":[],"class_list":{"0":"post-5511","1":"product","2":"type-product","3":"status-publish","4":"has-post-thumbnail","6":"product_cat-bandeja","7":"product_cat-suspensao","9":"first","10":"instock","11":"shipping-taxable","12":"product-type-simple"},"_links":{"self":[{"href":"https:\/\/www.mundialsc.com.br\/loja\/wp-json\/wp\/v2\/product\/5511","targetHints":{"allow":["GET"]}}],"collection":[{"href":"https:\/\/www.mundialsc.com.br\/loja\/wp-json\/wp\/v2\/product"}],"about":[{"href":"https:\/\/www.mundialsc.com.br\/loja\/wp-json\/wp\/v2\/types\/product"}],"wp:featuredmedia":[{"embeddable":true,"href":"https:\/\/www.mundialsc.com.br\/loja\/wp-json\/wp\/v2\/media\/5512"}],"wp:attachment":[{"href":"https:\/\/www.mundialsc.com.br\/loja\/wp-json\/wp\/v2\/media?parent=5511"}],"wp:term":[{"taxonomy":"product_brand","embeddable":true,"href":"https:\/\/www.mundialsc.com.br\/loja\/wp-json\/wp\/v2\/product_brand?post=5511"},{"taxonomy":"product_cat","embeddable":true,"href":"https:\/\/www.mundialsc.com.br\/loja\/wp-json\/wp\/v2\/product_cat?post=5511"},{"taxonomy":"product_tag","embeddable":true,"href":"https:\/\/www.mundialsc.com.br\/loja\/wp-json\/wp\/v2\/product_tag?post=5511"}],"curies":[{"name":"wp","href":"https:\/\/api.w.org\/{rel}","templated":true}]}}