{"id":5510,"date":"2020-07-28T09:18:08","date_gmt":"2020-07-28T12:18:08","guid":{"rendered":"https:\/\/www.mundialsc.com.br\/loja\/?post_type=product&#038;p=5510"},"modified":"2023-11-30T11:32:43","modified_gmt":"2023-11-30T14:32:43","slug":"par-bandejas-inferiores-toyota-hilux-3-0","status":"publish","type":"product","link":"https:\/\/www.mundialsc.com.br\/loja\/produto\/par-bandejas-inferiores-toyota-hilux-3-0\/","title":{"rendered":"Par Bandejas Inferiores Toyota Hilux 3.0"},"content":{"rendered":"<p>Par Bandejas Inferiores<br \/>\nC\u00f3digo Interno: 7175523041 + 7175523042<\/p>\n<p>Aplica\u00e7\u00e3o:<\/p>\n<p>TOYOTA<\/p>\n<p>HILUX 3.0 2005-2014<\/p>\n","protected":false},"excerpt":{"rendered":"<p>Par Bandejas Inferiores C\u00f3digo Interno: 7175523041 + 7175523042 Aplica\u00e7\u00e3o: TOYOTA HILUX 3.0 2005-2014<\/p>\n","protected":false},"featured_media":5500,"template":"","meta":[],"product_brand":[],"product_cat":[182,44],"product_tag":[],"class_list":{"0":"post-5510","1":"product","2":"type-product","3":"status-publish","4":"has-post-thumbnail","6":"product_cat-bandeja","7":"product_cat-suspensao","9":"first","10":"instock","11":"shipping-taxable","12":"product-type-simple"},"_links":{"self":[{"href":"https:\/\/www.mundialsc.com.br\/loja\/wp-json\/wp\/v2\/product\/5510","targetHints":{"allow":["GET"]}}],"collection":[{"href":"https:\/\/www.mundialsc.com.br\/loja\/wp-json\/wp\/v2\/product"}],"about":[{"href":"https:\/\/www.mundialsc.com.br\/loja\/wp-json\/wp\/v2\/types\/product"}],"wp:featuredmedia":[{"embeddable":true,"href":"https:\/\/www.mundialsc.com.br\/loja\/wp-json\/wp\/v2\/media\/5500"}],"wp:attachment":[{"href":"https:\/\/www.mundialsc.com.br\/loja\/wp-json\/wp\/v2\/media?parent=5510"}],"wp:term":[{"taxonomy":"product_brand","embeddable":true,"href":"https:\/\/www.mundialsc.com.br\/loja\/wp-json\/wp\/v2\/product_brand?post=5510"},{"taxonomy":"product_cat","embeddable":true,"href":"https:\/\/www.mundialsc.com.br\/loja\/wp-json\/wp\/v2\/product_cat?post=5510"},{"taxonomy":"product_tag","embeddable":true,"href":"https:\/\/www.mundialsc.com.br\/loja\/wp-json\/wp\/v2\/product_tag?post=5510"}],"curies":[{"name":"wp","href":"https:\/\/api.w.org\/{rel}","templated":true}]}}