{"id":5049,"date":"2020-07-14T15:48:04","date_gmt":"2020-07-14T18:48:04","guid":{"rendered":"https:\/\/www.mundialsc.com.br\/loja\/?post_type=product&#038;p=5049"},"modified":"2024-01-26T14:18:25","modified_gmt":"2024-01-26T17:18:25","slug":"sapata-do-freio-de-mao-ssangyong-rexton-2-7","status":"publish","type":"product","link":"https:\/\/www.mundialsc.com.br\/loja\/produto\/sapata-do-freio-de-mao-ssangyong-rexton-2-7\/","title":{"rendered":"Sapata Do Freio De M\u00e3o Ssangyong Rexton 2.7"},"content":{"rendered":"<p>Sapata Do Freio De M\u00e3o<br \/>\nC\u00f3digo Original: 483KT05010<\/p>\n<p>Aplica\u00e7\u00e3o:<\/p>\n<p>SSANGYONG<\/p>\n<p>REXTON 2.7 2008 EM DIANTE &#8211; 190 X 25mm<\/p>\n","protected":false},"excerpt":{"rendered":"<p>Sapata Do Freio De M\u00e3o C\u00f3digo Original: 483KT05010 Aplica\u00e7\u00e3o: SSANGYONG REXTON 2.7 2008 EM DIANTE &#8211; 190 X 25mm<\/p>\n","protected":false},"featured_media":9120,"template":"","meta":[],"product_brand":[],"product_cat":[41,176],"product_tag":[],"class_list":{"0":"post-5049","1":"product","2":"type-product","3":"status-publish","4":"has-post-thumbnail","6":"product_cat-freios","7":"product_cat-sapata-lona","9":"first","10":"instock","11":"shipping-taxable","12":"product-type-simple"},"_links":{"self":[{"href":"https:\/\/www.mundialsc.com.br\/loja\/wp-json\/wp\/v2\/product\/5049","targetHints":{"allow":["GET"]}}],"collection":[{"href":"https:\/\/www.mundialsc.com.br\/loja\/wp-json\/wp\/v2\/product"}],"about":[{"href":"https:\/\/www.mundialsc.com.br\/loja\/wp-json\/wp\/v2\/types\/product"}],"wp:featuredmedia":[{"embeddable":true,"href":"https:\/\/www.mundialsc.com.br\/loja\/wp-json\/wp\/v2\/media\/9120"}],"wp:attachment":[{"href":"https:\/\/www.mundialsc.com.br\/loja\/wp-json\/wp\/v2\/media?parent=5049"}],"wp:term":[{"taxonomy":"product_brand","embeddable":true,"href":"https:\/\/www.mundialsc.com.br\/loja\/wp-json\/wp\/v2\/product_brand?post=5049"},{"taxonomy":"product_cat","embeddable":true,"href":"https:\/\/www.mundialsc.com.br\/loja\/wp-json\/wp\/v2\/product_cat?post=5049"},{"taxonomy":"product_tag","embeddable":true,"href":"https:\/\/www.mundialsc.com.br\/loja\/wp-json\/wp\/v2\/product_tag?post=5049"}],"curies":[{"name":"wp","href":"https:\/\/api.w.org\/{rel}","templated":true}]}}