{"id":4970,"date":"2020-07-13T11:14:45","date_gmt":"2020-07-13T14:14:45","guid":{"rendered":"https:\/\/www.mundialsc.com.br\/loja\/?post_type=product&#038;p=4970"},"modified":"2021-01-14T14:44:41","modified_gmt":"2021-01-14T17:44:41","slug":"bucha-do-braco-traseiro-ssangyong-rexton-2-7-multi-link-original","status":"publish","type":"product","link":"https:\/\/www.mundialsc.com.br\/loja\/produto\/bucha-do-braco-traseiro-ssangyong-rexton-2-7-multi-link-original\/","title":{"rendered":"Bucha Do Bra\u00e7o Traseiro Ssangyong Rexton 2.7 Multi Link Original"},"content":{"rendered":"<p>Bucha Bra\u00e7o Traseiro<br \/>\nC\u00f3digo Original: 4543009000<br \/>\nPRODUTO ORIGINAL<\/p>\n<p>Aplica\u00e7\u00e3o:<\/p>\n<p>SSANGYONG<\/p>\n<p>REXTON 2.7 COM SISTEMA MULTI LINK<\/p>\n","protected":false},"excerpt":{"rendered":"<p>Bucha Bra\u00e7o Traseiro C\u00f3digo Original: 4543009000 PRODUTO ORIGINAL Aplica\u00e7\u00e3o: SSANGYONG REXTON 2.7 COM SISTEMA MULTI LINK<\/p>\n","protected":false},"featured_media":9096,"template":"","meta":[],"product_brand":[],"product_cat":[110],"product_tag":[],"class_list":{"0":"post-4970","1":"product","2":"type-product","3":"status-publish","4":"has-post-thumbnail","6":"product_cat-bucha","8":"first","9":"instock","10":"shipping-taxable","11":"purchasable","12":"product-type-simple"},"_links":{"self":[{"href":"https:\/\/www.mundialsc.com.br\/loja\/wp-json\/wp\/v2\/product\/4970","targetHints":{"allow":["GET"]}}],"collection":[{"href":"https:\/\/www.mundialsc.com.br\/loja\/wp-json\/wp\/v2\/product"}],"about":[{"href":"https:\/\/www.mundialsc.com.br\/loja\/wp-json\/wp\/v2\/types\/product"}],"wp:featuredmedia":[{"embeddable":true,"href":"https:\/\/www.mundialsc.com.br\/loja\/wp-json\/wp\/v2\/media\/9096"}],"wp:attachment":[{"href":"https:\/\/www.mundialsc.com.br\/loja\/wp-json\/wp\/v2\/media?parent=4970"}],"wp:term":[{"taxonomy":"product_brand","embeddable":true,"href":"https:\/\/www.mundialsc.com.br\/loja\/wp-json\/wp\/v2\/product_brand?post=4970"},{"taxonomy":"product_cat","embeddable":true,"href":"https:\/\/www.mundialsc.com.br\/loja\/wp-json\/wp\/v2\/product_cat?post=4970"},{"taxonomy":"product_tag","embeddable":true,"href":"https:\/\/www.mundialsc.com.br\/loja\/wp-json\/wp\/v2\/product_tag?post=4970"}],"curies":[{"name":"wp","href":"https:\/\/api.w.org\/{rel}","templated":true}]}}