{"id":4954,"date":"2020-07-13T10:34:25","date_gmt":"2020-07-13T13:34:25","guid":{"rendered":"https:\/\/www.mundialsc.com.br\/loja\/?post_type=product&#038;p=4954"},"modified":"2024-01-26T14:20:34","modified_gmt":"2024-01-26T17:20:34","slug":"par-bucha-da-barra-tensora-ssangyong-actyon-sports-2-0","status":"publish","type":"product","link":"https:\/\/www.mundialsc.com.br\/loja\/produto\/par-bucha-da-barra-tensora-ssangyong-actyon-sports-2-0\/","title":{"rendered":"Par Bucha Da Barra Tensora Ssangyong Actyon Sports 2.0"},"content":{"rendered":"<p>Par Bucha Da Barra Tensora<br \/>\nC\u00f3digo Original: 4544008000<br \/>\nPRODUTO ORIGINAL<\/p>\n<p>Aplica\u00e7\u00e3o:<\/p>\n<p>SSANGYONG  <\/p>\n<p>ACTYON SPORTS 2.0 2008 EM DIANTE<\/p>\n","protected":false},"excerpt":{"rendered":"<p>Par Bucha Da Barra Tensora C\u00f3digo Original: 4544008000 PRODUTO ORIGINAL Aplica\u00e7\u00e3o: SSANGYONG ACTYON SPORTS 2.0 2008 EM DIANTE<\/p>\n","protected":false},"featured_media":9095,"template":"","meta":[],"product_brand":[],"product_cat":[110],"product_tag":[],"class_list":{"0":"post-4954","1":"product","2":"type-product","3":"status-publish","4":"has-post-thumbnail","6":"product_cat-bucha","8":"first","9":"instock","10":"shipping-taxable","11":"product-type-simple"},"_links":{"self":[{"href":"https:\/\/www.mundialsc.com.br\/loja\/wp-json\/wp\/v2\/product\/4954","targetHints":{"allow":["GET"]}}],"collection":[{"href":"https:\/\/www.mundialsc.com.br\/loja\/wp-json\/wp\/v2\/product"}],"about":[{"href":"https:\/\/www.mundialsc.com.br\/loja\/wp-json\/wp\/v2\/types\/product"}],"wp:featuredmedia":[{"embeddable":true,"href":"https:\/\/www.mundialsc.com.br\/loja\/wp-json\/wp\/v2\/media\/9095"}],"wp:attachment":[{"href":"https:\/\/www.mundialsc.com.br\/loja\/wp-json\/wp\/v2\/media?parent=4954"}],"wp:term":[{"taxonomy":"product_brand","embeddable":true,"href":"https:\/\/www.mundialsc.com.br\/loja\/wp-json\/wp\/v2\/product_brand?post=4954"},{"taxonomy":"product_cat","embeddable":true,"href":"https:\/\/www.mundialsc.com.br\/loja\/wp-json\/wp\/v2\/product_cat?post=4954"},{"taxonomy":"product_tag","embeddable":true,"href":"https:\/\/www.mundialsc.com.br\/loja\/wp-json\/wp\/v2\/product_tag?post=4954"}],"curies":[{"name":"wp","href":"https:\/\/api.w.org\/{rel}","templated":true}]}}