{"id":4926,"date":"2020-07-13T09:18:44","date_gmt":"2020-07-13T12:18:44","guid":{"rendered":"https:\/\/www.mundialsc.com.br\/loja\/?post_type=product&#038;p=4926"},"modified":"2020-07-13T10:16:39","modified_gmt":"2020-07-13T13:16:39","slug":"par-bieletas-ssangyong-actyon-suv-2-0","status":"publish","type":"product","link":"https:\/\/www.mundialsc.com.br\/loja\/produto\/par-bieletas-ssangyong-actyon-suv-2-0\/","title":{"rendered":"Par Bieletas Ssangyong Actyon Suv 2.0"},"content":{"rendered":"<p>Par De Bieletas Dianteiras<br \/>\nC\u00f3digo Original: 4475109000 &#038; 4475209000<\/p>\n<p>Aplica\u00e7\u00e3o:<\/p>\n<p>SSANGYONG<\/p>\n<p>ACTYON SUV 2.0 DIESEL 2008 EM DIANTE<\/p>\n","protected":false},"excerpt":{"rendered":"<p>Par De Bieletas Dianteiras C\u00f3digo Original: 4475109000 &#038; 4475209000 Aplica\u00e7\u00e3o: SSANGYONG ACTYON SUV 2.0 DIESEL 2008 EM DIANTE<\/p>\n","protected":false},"featured_media":4938,"template":"","meta":[],"product_brand":[],"product_cat":[100,44],"product_tag":[],"class_list":{"0":"post-4926","1":"product","2":"type-product","3":"status-publish","4":"has-post-thumbnail","6":"product_cat-bieleta","7":"product_cat-suspensao","9":"first","10":"instock","11":"shipping-taxable","12":"purchasable","13":"product-type-simple"},"_links":{"self":[{"href":"https:\/\/www.mundialsc.com.br\/loja\/wp-json\/wp\/v2\/product\/4926","targetHints":{"allow":["GET"]}}],"collection":[{"href":"https:\/\/www.mundialsc.com.br\/loja\/wp-json\/wp\/v2\/product"}],"about":[{"href":"https:\/\/www.mundialsc.com.br\/loja\/wp-json\/wp\/v2\/types\/product"}],"wp:featuredmedia":[{"embeddable":true,"href":"https:\/\/www.mundialsc.com.br\/loja\/wp-json\/wp\/v2\/media\/4938"}],"wp:attachment":[{"href":"https:\/\/www.mundialsc.com.br\/loja\/wp-json\/wp\/v2\/media?parent=4926"}],"wp:term":[{"taxonomy":"product_brand","embeddable":true,"href":"https:\/\/www.mundialsc.com.br\/loja\/wp-json\/wp\/v2\/product_brand?post=4926"},{"taxonomy":"product_cat","embeddable":true,"href":"https:\/\/www.mundialsc.com.br\/loja\/wp-json\/wp\/v2\/product_cat?post=4926"},{"taxonomy":"product_tag","embeddable":true,"href":"https:\/\/www.mundialsc.com.br\/loja\/wp-json\/wp\/v2\/product_tag?post=4926"}],"curies":[{"name":"wp","href":"https:\/\/api.w.org\/{rel}","templated":true}]}}