{"id":4916,"date":"2020-07-13T09:04:25","date_gmt":"2020-07-13T12:04:25","guid":{"rendered":"https:\/\/www.mundialsc.com.br\/loja\/?post_type=product&#038;p=4916"},"modified":"2020-07-13T10:19:05","modified_gmt":"2020-07-13T13:19:05","slug":"bieleta-esquerda-ssangyong-actyon-suv-2-0","status":"publish","type":"product","link":"https:\/\/www.mundialsc.com.br\/loja\/produto\/bieleta-esquerda-ssangyong-actyon-suv-2-0\/","title":{"rendered":"Bieleta Esquerda Ssangyong Actyon Suv 2.0"},"content":{"rendered":"<p>Bieleta Esquerda<br \/>\nC\u00f3digo Original: 4475109000<br \/>\nC\u00f3digo Interno: SL<\/p>\n<p>Aplica\u00e7\u00e3o:<\/p>\n<p>SSANGYONG<\/p>\n<p>ACTYON SUV 2.0 DIESEL 2008 EM DIANTE<\/p>\n","protected":false},"excerpt":{"rendered":"<p>Bieleta Esquerda C\u00f3digo Original: 4475109000 C\u00f3digo Interno: SL Aplica\u00e7\u00e3o: SSANGYONG ACTYON SUV 2.0 DIESEL 2008 EM DIANTE<\/p>\n","protected":false},"featured_media":4944,"template":"","meta":[],"product_brand":[],"product_cat":[100,44],"product_tag":[],"class_list":{"0":"post-4916","1":"product","2":"type-product","3":"status-publish","4":"has-post-thumbnail","6":"product_cat-bieleta","7":"product_cat-suspensao","9":"first","10":"instock","11":"shipping-taxable","12":"purchasable","13":"product-type-simple"},"_links":{"self":[{"href":"https:\/\/www.mundialsc.com.br\/loja\/wp-json\/wp\/v2\/product\/4916","targetHints":{"allow":["GET"]}}],"collection":[{"href":"https:\/\/www.mundialsc.com.br\/loja\/wp-json\/wp\/v2\/product"}],"about":[{"href":"https:\/\/www.mundialsc.com.br\/loja\/wp-json\/wp\/v2\/types\/product"}],"wp:featuredmedia":[{"embeddable":true,"href":"https:\/\/www.mundialsc.com.br\/loja\/wp-json\/wp\/v2\/media\/4944"}],"wp:attachment":[{"href":"https:\/\/www.mundialsc.com.br\/loja\/wp-json\/wp\/v2\/media?parent=4916"}],"wp:term":[{"taxonomy":"product_brand","embeddable":true,"href":"https:\/\/www.mundialsc.com.br\/loja\/wp-json\/wp\/v2\/product_brand?post=4916"},{"taxonomy":"product_cat","embeddable":true,"href":"https:\/\/www.mundialsc.com.br\/loja\/wp-json\/wp\/v2\/product_cat?post=4916"},{"taxonomy":"product_tag","embeddable":true,"href":"https:\/\/www.mundialsc.com.br\/loja\/wp-json\/wp\/v2\/product_tag?post=4916"}],"curies":[{"name":"wp","href":"https:\/\/api.w.org\/{rel}","templated":true}]}}