{"id":4913,"date":"2020-07-13T08:59:05","date_gmt":"2020-07-13T11:59:05","guid":{"rendered":"https:\/\/www.mundialsc.com.br\/loja\/?post_type=product&#038;p=4913"},"modified":"2020-07-13T10:19:40","modified_gmt":"2020-07-13T13:19:40","slug":"bieleta-direita-ssangyong-rexton-2-7","status":"publish","type":"product","link":"https:\/\/www.mundialsc.com.br\/loja\/produto\/bieleta-direita-ssangyong-rexton-2-7\/","title":{"rendered":"Bieleta Direita Ssangyong Rexton 2.7"},"content":{"rendered":"<p>Bieleta Direita<br \/>\nC\u00f3digo Original: 4475209000<br \/>\nC\u00f3digo Interno: SL<\/p>\n<p>Aplica\u00e7\u00e3o:<\/p>\n<p>SSANGYONG<\/p>\n<p>REXTON 2.7 DIESEL 2008 EM DIANTE<\/p>\n","protected":false},"excerpt":{"rendered":"<p>Bieleta Direita C\u00f3digo Original: 4475209000 C\u00f3digo Interno: SL Aplica\u00e7\u00e3o: SSANGYONG REXTON 2.7 DIESEL 2008 EM DIANTE<\/p>\n","protected":false},"featured_media":4946,"template":"","meta":[],"product_brand":[],"product_cat":[100,44],"product_tag":[],"class_list":{"0":"post-4913","1":"product","2":"type-product","3":"status-publish","4":"has-post-thumbnail","6":"product_cat-bieleta","7":"product_cat-suspensao","9":"first","10":"instock","11":"shipping-taxable","12":"purchasable","13":"product-type-simple"},"_links":{"self":[{"href":"https:\/\/www.mundialsc.com.br\/loja\/wp-json\/wp\/v2\/product\/4913","targetHints":{"allow":["GET"]}}],"collection":[{"href":"https:\/\/www.mundialsc.com.br\/loja\/wp-json\/wp\/v2\/product"}],"about":[{"href":"https:\/\/www.mundialsc.com.br\/loja\/wp-json\/wp\/v2\/types\/product"}],"wp:featuredmedia":[{"embeddable":true,"href":"https:\/\/www.mundialsc.com.br\/loja\/wp-json\/wp\/v2\/media\/4946"}],"wp:attachment":[{"href":"https:\/\/www.mundialsc.com.br\/loja\/wp-json\/wp\/v2\/media?parent=4913"}],"wp:term":[{"taxonomy":"product_brand","embeddable":true,"href":"https:\/\/www.mundialsc.com.br\/loja\/wp-json\/wp\/v2\/product_brand?post=4913"},{"taxonomy":"product_cat","embeddable":true,"href":"https:\/\/www.mundialsc.com.br\/loja\/wp-json\/wp\/v2\/product_cat?post=4913"},{"taxonomy":"product_tag","embeddable":true,"href":"https:\/\/www.mundialsc.com.br\/loja\/wp-json\/wp\/v2\/product_tag?post=4913"}],"curies":[{"name":"wp","href":"https:\/\/api.w.org\/{rel}","templated":true}]}}