{"id":4886,"date":"2020-07-10T11:32:27","date_gmt":"2020-07-10T14:32:27","guid":{"rendered":"https:\/\/www.mundialsc.com.br\/loja\/?post_type=product&#038;p=4886"},"modified":"2021-01-14T10:07:27","modified_gmt":"2021-01-14T13:07:27","slug":"par-batente-mola-traseira-ssangyong-rexton-5-link","status":"publish","type":"product","link":"https:\/\/www.mundialsc.com.br\/loja\/produto\/par-batente-mola-traseira-ssangyong-rexton-5-link\/","title":{"rendered":"Par Batente Mola Traseira Ssangyong Rexton 5-Link"},"content":{"rendered":"<p>Par Batente Mola Traseira<br \/>\nC\u00f3digo Original: 4519105010<br \/>\nPRODUTO ORIGINAL<\/p>\n<p>Aplica\u00e7\u00e3o:<\/p>\n<p>SSANGYONG<\/p>\n<p>REXTON &#8211; SISTEMA 5-LINK<\/p>\n","protected":false},"excerpt":{"rendered":"<p>Par Batente Mola Traseira C\u00f3digo Original: 4519105010 PRODUTO ORIGINAL Aplica\u00e7\u00e3o: SSANGYONG REXTON &#8211; SISTEMA 5-LINK<\/p>\n","protected":false},"featured_media":9086,"template":"","meta":[],"product_brand":[],"product_cat":[102,44],"product_tag":[],"class_list":{"0":"post-4886","1":"product","2":"type-product","3":"status-publish","4":"has-post-thumbnail","6":"product_cat-batente","7":"product_cat-suspensao","9":"first","10":"instock","11":"shipping-taxable","12":"purchasable","13":"product-type-simple"},"_links":{"self":[{"href":"https:\/\/www.mundialsc.com.br\/loja\/wp-json\/wp\/v2\/product\/4886","targetHints":{"allow":["GET"]}}],"collection":[{"href":"https:\/\/www.mundialsc.com.br\/loja\/wp-json\/wp\/v2\/product"}],"about":[{"href":"https:\/\/www.mundialsc.com.br\/loja\/wp-json\/wp\/v2\/types\/product"}],"wp:featuredmedia":[{"embeddable":true,"href":"https:\/\/www.mundialsc.com.br\/loja\/wp-json\/wp\/v2\/media\/9086"}],"wp:attachment":[{"href":"https:\/\/www.mundialsc.com.br\/loja\/wp-json\/wp\/v2\/media?parent=4886"}],"wp:term":[{"taxonomy":"product_brand","embeddable":true,"href":"https:\/\/www.mundialsc.com.br\/loja\/wp-json\/wp\/v2\/product_brand?post=4886"},{"taxonomy":"product_cat","embeddable":true,"href":"https:\/\/www.mundialsc.com.br\/loja\/wp-json\/wp\/v2\/product_cat?post=4886"},{"taxonomy":"product_tag","embeddable":true,"href":"https:\/\/www.mundialsc.com.br\/loja\/wp-json\/wp\/v2\/product_tag?post=4886"}],"curies":[{"name":"wp","href":"https:\/\/api.w.org\/{rel}","templated":true}]}}