{"id":4875,"date":"2020-07-10T11:19:47","date_gmt":"2020-07-10T14:19:47","guid":{"rendered":"https:\/\/www.mundialsc.com.br\/loja\/?post_type=product&#038;p=4875"},"modified":"2021-01-13T18:09:33","modified_gmt":"2021-01-13T21:09:33","slug":"dobradica-inferior-porta-dianteira-direita-ssangyong-new-actyon-sports-2-0","status":"publish","type":"product","link":"https:\/\/www.mundialsc.com.br\/loja\/produto\/dobradica-inferior-porta-dianteira-direita-ssangyong-new-actyon-sports-2-0\/","title":{"rendered":"Dobradi\u00e7a Inferior Porta Dianteira Direita Ssangyong New Actyon Sports 2.0"},"content":{"rendered":"<p>Dobradi\u00e7a Inferior Porta Dianteira Direita<br \/>\nC\u00f3digo Original: 6284009001<br \/>\nPRODUTO ORIGINAL<\/p>\n<p>Aplica\u00e7\u00e3o:<\/p>\n<p>SSANGYONG<\/p>\n<p>NEW ACTYON SPORTS 2.0 2012 EM DIANTE<\/p>\n","protected":false},"excerpt":{"rendered":"<p>Dobradi\u00e7a Inferior Porta Dianteira Direita C\u00f3digo Original: 6284009001 PRODUTO ORIGINAL Aplica\u00e7\u00e3o: SSANGYONG NEW ACTYON SPORTS 2.0 2012 EM DIANTE<\/p>\n","protected":false},"featured_media":9081,"template":"","meta":[],"product_brand":[],"product_cat":[15],"product_tag":[],"class_list":{"0":"post-4875","1":"product","2":"type-product","3":"status-publish","4":"has-post-thumbnail","6":"product_cat-outros","8":"first","9":"instock","10":"shipping-taxable","11":"purchasable","12":"product-type-simple"},"_links":{"self":[{"href":"https:\/\/www.mundialsc.com.br\/loja\/wp-json\/wp\/v2\/product\/4875","targetHints":{"allow":["GET"]}}],"collection":[{"href":"https:\/\/www.mundialsc.com.br\/loja\/wp-json\/wp\/v2\/product"}],"about":[{"href":"https:\/\/www.mundialsc.com.br\/loja\/wp-json\/wp\/v2\/types\/product"}],"wp:featuredmedia":[{"embeddable":true,"href":"https:\/\/www.mundialsc.com.br\/loja\/wp-json\/wp\/v2\/media\/9081"}],"wp:attachment":[{"href":"https:\/\/www.mundialsc.com.br\/loja\/wp-json\/wp\/v2\/media?parent=4875"}],"wp:term":[{"taxonomy":"product_brand","embeddable":true,"href":"https:\/\/www.mundialsc.com.br\/loja\/wp-json\/wp\/v2\/product_brand?post=4875"},{"taxonomy":"product_cat","embeddable":true,"href":"https:\/\/www.mundialsc.com.br\/loja\/wp-json\/wp\/v2\/product_cat?post=4875"},{"taxonomy":"product_tag","embeddable":true,"href":"https:\/\/www.mundialsc.com.br\/loja\/wp-json\/wp\/v2\/product_tag?post=4875"}],"curies":[{"name":"wp","href":"https:\/\/api.w.org\/{rel}","templated":true}]}}