{"id":4834,"date":"2020-07-10T09:59:05","date_gmt":"2020-07-10T12:59:05","guid":{"rendered":"https:\/\/www.mundialsc.com.br\/loja\/?post_type=product&#038;p=4834"},"modified":"2020-07-10T10:03:15","modified_gmt":"2020-07-10T13:03:15","slug":"par-bucha-barra-estabilizadora-dianteira-mahindra-pickup-2-2","status":"publish","type":"product","link":"https:\/\/www.mundialsc.com.br\/loja\/produto\/par-bucha-barra-estabilizadora-dianteira-mahindra-pickup-2-2\/","title":{"rendered":"Par Bucha Barra Estabilizadora Dianteira Mahindra Pik Up 2.2"},"content":{"rendered":"<p>Par Bucha Barra Estabilizadora Dianteira<br \/>\nC\u00f3digo Original: 0401EA0490N<\/p>\n<p>Aplica\u00e7\u00e3o:<\/p>\n<p>MAHINDRA<\/p>\n<p>PIK UP 2.2 TODAS <\/p>\n","protected":false},"excerpt":{"rendered":"<p>Par Bucha Barra Estabilizadora Dianteira C\u00f3digo Original: 0401EA0490N Aplica\u00e7\u00e3o: MAHINDRA PIK UP 2.2 TODAS<\/p>\n","protected":false},"featured_media":4835,"template":"","meta":[],"product_brand":[],"product_cat":[110],"product_tag":[],"class_list":{"0":"post-4834","1":"product","2":"type-product","3":"status-publish","4":"has-post-thumbnail","6":"product_cat-bucha","8":"first","9":"instock","10":"shipping-taxable","11":"purchasable","12":"product-type-simple"},"_links":{"self":[{"href":"https:\/\/www.mundialsc.com.br\/loja\/wp-json\/wp\/v2\/product\/4834","targetHints":{"allow":["GET"]}}],"collection":[{"href":"https:\/\/www.mundialsc.com.br\/loja\/wp-json\/wp\/v2\/product"}],"about":[{"href":"https:\/\/www.mundialsc.com.br\/loja\/wp-json\/wp\/v2\/types\/product"}],"wp:featuredmedia":[{"embeddable":true,"href":"https:\/\/www.mundialsc.com.br\/loja\/wp-json\/wp\/v2\/media\/4835"}],"wp:attachment":[{"href":"https:\/\/www.mundialsc.com.br\/loja\/wp-json\/wp\/v2\/media?parent=4834"}],"wp:term":[{"taxonomy":"product_brand","embeddable":true,"href":"https:\/\/www.mundialsc.com.br\/loja\/wp-json\/wp\/v2\/product_brand?post=4834"},{"taxonomy":"product_cat","embeddable":true,"href":"https:\/\/www.mundialsc.com.br\/loja\/wp-json\/wp\/v2\/product_cat?post=4834"},{"taxonomy":"product_tag","embeddable":true,"href":"https:\/\/www.mundialsc.com.br\/loja\/wp-json\/wp\/v2\/product_tag?post=4834"}],"curies":[{"name":"wp","href":"https:\/\/api.w.org\/{rel}","templated":true}]}}