{"id":4818,"date":"2020-07-09T16:26:09","date_gmt":"2020-07-09T19:26:09","guid":{"rendered":"https:\/\/www.mundialsc.com.br\/loja\/?post_type=product&#038;p=4818"},"modified":"2020-07-09T16:26:47","modified_gmt":"2020-07-09T19:26:47","slug":"arruela-calco-do-cambio-ssangyong-kyron-2-0-original","status":"publish","type":"product","link":"https:\/\/www.mundialsc.com.br\/loja\/produto\/arruela-calco-do-cambio-ssangyong-kyron-2-0-original\/","title":{"rendered":"Arruela Cal\u00e7o Do C\u00e2mbio Ssangyong Kyron 2.0 Original"},"content":{"rendered":"<p>Arruela Cal\u00e7o Do C\u00e2mbio<br \/>\nC\u00f3digo Original: 0578037078<br \/>\nPRODUTO ORIGINAL<\/p>\n<p>Aplica\u00e7\u00e3o:<\/p>\n<p>SSANGYONG<\/p>\n<p>KYRON 2.0 6 MARCHAS &#8211; ESPESSURA 0.25MM<\/p>\n","protected":false},"excerpt":{"rendered":"<p>Arruela Cal\u00e7o Do C\u00e2mbio C\u00f3digo Original: 0578037078 PRODUTO ORIGINAL Aplica\u00e7\u00e3o: SSANGYONG KYRON 2.0 6 MARCHAS &#8211; ESPESSURA 0.25MM<\/p>\n","protected":false},"featured_media":4816,"template":"","meta":[],"product_brand":[],"product_cat":[15],"product_tag":[],"class_list":{"0":"post-4818","1":"product","2":"type-product","3":"status-publish","4":"has-post-thumbnail","6":"product_cat-outros","8":"first","9":"instock","10":"shipping-taxable","11":"purchasable","12":"product-type-simple"},"_links":{"self":[{"href":"https:\/\/www.mundialsc.com.br\/loja\/wp-json\/wp\/v2\/product\/4818","targetHints":{"allow":["GET"]}}],"collection":[{"href":"https:\/\/www.mundialsc.com.br\/loja\/wp-json\/wp\/v2\/product"}],"about":[{"href":"https:\/\/www.mundialsc.com.br\/loja\/wp-json\/wp\/v2\/types\/product"}],"wp:featuredmedia":[{"embeddable":true,"href":"https:\/\/www.mundialsc.com.br\/loja\/wp-json\/wp\/v2\/media\/4816"}],"wp:attachment":[{"href":"https:\/\/www.mundialsc.com.br\/loja\/wp-json\/wp\/v2\/media?parent=4818"}],"wp:term":[{"taxonomy":"product_brand","embeddable":true,"href":"https:\/\/www.mundialsc.com.br\/loja\/wp-json\/wp\/v2\/product_brand?post=4818"},{"taxonomy":"product_cat","embeddable":true,"href":"https:\/\/www.mundialsc.com.br\/loja\/wp-json\/wp\/v2\/product_cat?post=4818"},{"taxonomy":"product_tag","embeddable":true,"href":"https:\/\/www.mundialsc.com.br\/loja\/wp-json\/wp\/v2\/product_tag?post=4818"}],"curies":[{"name":"wp","href":"https:\/\/api.w.org\/{rel}","templated":true}]}}