{"id":4773,"date":"2020-07-09T09:50:39","date_gmt":"2020-07-09T12:50:39","guid":{"rendered":"https:\/\/www.mundialsc.com.br\/loja\/?post_type=product&#038;p=4773"},"modified":"2020-12-10T14:19:03","modified_gmt":"2020-12-10T17:19:03","slug":"tampa-do-tanque-de-combustivel-ssangyong-new-actyon-sports","status":"publish","type":"product","link":"https:\/\/www.mundialsc.com.br\/loja\/produto\/tampa-do-tanque-de-combustivel-ssangyong-new-actyon-sports\/","title":{"rendered":"Tampa Do Tanque De Combust\u00edvel Ssangyong New Actyon Sports"},"content":{"rendered":"<p>Tampa Do Tanque De Combust\u00edvel<br \/>\nC\u00f3digo Original: 2269008021<br \/>\nPRODUTO ORIGINAL<\/p>\n<p>Aplica\u00e7\u00e3o:<\/p>\n<p>SSANGYONG<\/p>\n<p>NEW ACTYON SPORTS 2012 EM DIANTE<\/p>\n","protected":false},"excerpt":{"rendered":"<p>Tampa Do Tanque De Combust\u00edvel C\u00f3digo Original: 2269008021 PRODUTO ORIGINAL Aplica\u00e7\u00e3o: SSANGYONG NEW ACTYON SPORTS 2012 EM DIANTE<\/p>\n","protected":false},"featured_media":9007,"template":"","meta":[],"product_brand":[],"product_cat":[15],"product_tag":[],"class_list":{"0":"post-4773","1":"product","2":"type-product","3":"status-publish","4":"has-post-thumbnail","6":"product_cat-outros","8":"first","9":"instock","10":"shipping-taxable","11":"purchasable","12":"product-type-simple"},"_links":{"self":[{"href":"https:\/\/www.mundialsc.com.br\/loja\/wp-json\/wp\/v2\/product\/4773","targetHints":{"allow":["GET"]}}],"collection":[{"href":"https:\/\/www.mundialsc.com.br\/loja\/wp-json\/wp\/v2\/product"}],"about":[{"href":"https:\/\/www.mundialsc.com.br\/loja\/wp-json\/wp\/v2\/types\/product"}],"wp:featuredmedia":[{"embeddable":true,"href":"https:\/\/www.mundialsc.com.br\/loja\/wp-json\/wp\/v2\/media\/9007"}],"wp:attachment":[{"href":"https:\/\/www.mundialsc.com.br\/loja\/wp-json\/wp\/v2\/media?parent=4773"}],"wp:term":[{"taxonomy":"product_brand","embeddable":true,"href":"https:\/\/www.mundialsc.com.br\/loja\/wp-json\/wp\/v2\/product_brand?post=4773"},{"taxonomy":"product_cat","embeddable":true,"href":"https:\/\/www.mundialsc.com.br\/loja\/wp-json\/wp\/v2\/product_cat?post=4773"},{"taxonomy":"product_tag","embeddable":true,"href":"https:\/\/www.mundialsc.com.br\/loja\/wp-json\/wp\/v2\/product_tag?post=4773"}],"curies":[{"name":"wp","href":"https:\/\/api.w.org\/{rel}","templated":true}]}}