{"id":4761,"date":"2020-07-09T09:32:57","date_gmt":"2020-07-09T12:32:57","guid":{"rendered":"https:\/\/www.mundialsc.com.br\/loja\/?post_type=product&#038;p=4761"},"modified":"2020-12-10T11:42:08","modified_gmt":"2020-12-10T14:42:08","slug":"batente-traseiro-ssangyong-actyon-suv-2-0","status":"publish","type":"product","link":"https:\/\/www.mundialsc.com.br\/loja\/produto\/batente-traseiro-ssangyong-actyon-suv-2-0\/","title":{"rendered":"Batente Traseiro Ssangyong Actyon Suv 2.0"},"content":{"rendered":"<p>Batente Traseiro<br \/>\nC\u00f3digo Original: 4521008000<\/p>\n<p>Aplica\u00e7\u00e3o:<\/p>\n<p>SSANGYONG<\/p>\n<p>ACTYON SUV 2.0 2008 EM DIANTE<\/p>\n","protected":false},"excerpt":{"rendered":"<p>Batente Traseiro C\u00f3digo Original: 4521008000 Aplica\u00e7\u00e3o: SSANGYONG ACTYON SUV 2.0 2008 EM DIANTE<\/p>\n","protected":false},"featured_media":9000,"template":"","meta":[],"product_brand":[],"product_cat":[102],"product_tag":[],"class_list":{"0":"post-4761","1":"product","2":"type-product","3":"status-publish","4":"has-post-thumbnail","6":"product_cat-batente","8":"first","9":"instock","10":"shipping-taxable","11":"purchasable","12":"product-type-simple"},"_links":{"self":[{"href":"https:\/\/www.mundialsc.com.br\/loja\/wp-json\/wp\/v2\/product\/4761","targetHints":{"allow":["GET"]}}],"collection":[{"href":"https:\/\/www.mundialsc.com.br\/loja\/wp-json\/wp\/v2\/product"}],"about":[{"href":"https:\/\/www.mundialsc.com.br\/loja\/wp-json\/wp\/v2\/types\/product"}],"wp:featuredmedia":[{"embeddable":true,"href":"https:\/\/www.mundialsc.com.br\/loja\/wp-json\/wp\/v2\/media\/9000"}],"wp:attachment":[{"href":"https:\/\/www.mundialsc.com.br\/loja\/wp-json\/wp\/v2\/media?parent=4761"}],"wp:term":[{"taxonomy":"product_brand","embeddable":true,"href":"https:\/\/www.mundialsc.com.br\/loja\/wp-json\/wp\/v2\/product_brand?post=4761"},{"taxonomy":"product_cat","embeddable":true,"href":"https:\/\/www.mundialsc.com.br\/loja\/wp-json\/wp\/v2\/product_cat?post=4761"},{"taxonomy":"product_tag","embeddable":true,"href":"https:\/\/www.mundialsc.com.br\/loja\/wp-json\/wp\/v2\/product_tag?post=4761"}],"curies":[{"name":"wp","href":"https:\/\/api.w.org\/{rel}","templated":true}]}}