{"id":4760,"date":"2020-07-08T18:04:11","date_gmt":"2020-07-08T21:04:11","guid":{"rendered":"https:\/\/www.mundialsc.com.br\/loja\/?post_type=product&#038;p=4760"},"modified":"2020-12-10T11:20:27","modified_gmt":"2020-12-10T14:20:27","slug":"grade-difusora-da-ventilacao-ssangyong-actyon-suv-2-3","status":"publish","type":"product","link":"https:\/\/www.mundialsc.com.br\/loja\/produto\/grade-difusora-da-ventilacao-ssangyong-actyon-suv-2-3\/","title":{"rendered":"Grade Difusora Da Ventila\u00e7\u00e3o Ssangyong Actyon Suv 2.3"},"content":{"rendered":"<p>Grade Difusora Da Ventila\u00e7\u00e3o<br \/>\nC\u00f3digo Original: 6710032000<br \/>\nPRODUTO ORIGINAL<\/p>\n<p>Aplica\u00e7\u00e3o:<\/p>\n<p>SSANGYONG<\/p>\n<p>ACTYON SUV 2.3 2008 EM DIANTE<\/p>\n","protected":false},"excerpt":{"rendered":"<p>Grade Difusora Da Ventila\u00e7\u00e3o C\u00f3digo Original: 6710032000 PRODUTO ORIGINAL Aplica\u00e7\u00e3o: SSANGYONG ACTYON SUV 2.3 2008 EM DIANTE<\/p>\n","protected":false},"featured_media":8997,"template":"","meta":[],"product_brand":[],"product_cat":[159],"product_tag":[],"class_list":{"0":"post-4760","1":"product","2":"type-product","3":"status-publish","4":"has-post-thumbnail","6":"product_cat-acabamento","8":"first","9":"instock","10":"shipping-taxable","11":"purchasable","12":"product-type-simple"},"_links":{"self":[{"href":"https:\/\/www.mundialsc.com.br\/loja\/wp-json\/wp\/v2\/product\/4760","targetHints":{"allow":["GET"]}}],"collection":[{"href":"https:\/\/www.mundialsc.com.br\/loja\/wp-json\/wp\/v2\/product"}],"about":[{"href":"https:\/\/www.mundialsc.com.br\/loja\/wp-json\/wp\/v2\/types\/product"}],"wp:featuredmedia":[{"embeddable":true,"href":"https:\/\/www.mundialsc.com.br\/loja\/wp-json\/wp\/v2\/media\/8997"}],"wp:attachment":[{"href":"https:\/\/www.mundialsc.com.br\/loja\/wp-json\/wp\/v2\/media?parent=4760"}],"wp:term":[{"taxonomy":"product_brand","embeddable":true,"href":"https:\/\/www.mundialsc.com.br\/loja\/wp-json\/wp\/v2\/product_brand?post=4760"},{"taxonomy":"product_cat","embeddable":true,"href":"https:\/\/www.mundialsc.com.br\/loja\/wp-json\/wp\/v2\/product_cat?post=4760"},{"taxonomy":"product_tag","embeddable":true,"href":"https:\/\/www.mundialsc.com.br\/loja\/wp-json\/wp\/v2\/product_tag?post=4760"}],"curies":[{"name":"wp","href":"https:\/\/api.w.org\/{rel}","templated":true}]}}