{"id":4712,"date":"2020-07-08T10:06:53","date_gmt":"2020-07-08T13:06:53","guid":{"rendered":"https:\/\/www.mundialsc.com.br\/loja\/?post_type=product&#038;p=4712"},"modified":"2020-07-08T10:08:29","modified_gmt":"2020-07-08T13:08:29","slug":"disco-de-aco-do-cambio-ssangyong-new-actyon-sports","status":"publish","type":"product","link":"https:\/\/www.mundialsc.com.br\/loja\/produto\/disco-de-aco-do-cambio-ssangyong-new-actyon-sports\/","title":{"rendered":"Disco De A\u00e7o Do C\u00e2mbio Ssangyong New Actyon Sports Original"},"content":{"rendered":"<p>Disco De A\u00e7o Do C\u00e2mbio<br \/>\nC\u00f3digo Original: 0585166026<br \/>\nPRODUTO ORIGINAL<\/p>\n<p>Aplica\u00e7\u00e3o:<\/p>\n<p>SSANGYONG<\/p>\n<p>NEW ACTYON SPORTS 2.0 DIESEL &#8211; M78 DISCO DE 1.8MM<\/p>\n","protected":false},"excerpt":{"rendered":"<p>Disco De A\u00e7o Do C\u00e2mbio C\u00f3digo Original: 0585166026 PRODUTO ORIGINAL Aplica\u00e7\u00e3o: SSANGYONG NEW ACTYON SPORTS 2.0 DIESEL &#8211; M78 DISCO<\/p>\n","protected":false},"featured_media":4709,"template":"","meta":[],"product_brand":[],"product_cat":[37],"product_tag":[],"class_list":{"0":"post-4712","1":"product","2":"type-product","3":"status-publish","4":"has-post-thumbnail","6":"product_cat-transmissao","8":"first","9":"instock","10":"shipping-taxable","11":"purchasable","12":"product-type-simple"},"_links":{"self":[{"href":"https:\/\/www.mundialsc.com.br\/loja\/wp-json\/wp\/v2\/product\/4712","targetHints":{"allow":["GET"]}}],"collection":[{"href":"https:\/\/www.mundialsc.com.br\/loja\/wp-json\/wp\/v2\/product"}],"about":[{"href":"https:\/\/www.mundialsc.com.br\/loja\/wp-json\/wp\/v2\/types\/product"}],"wp:featuredmedia":[{"embeddable":true,"href":"https:\/\/www.mundialsc.com.br\/loja\/wp-json\/wp\/v2\/media\/4709"}],"wp:attachment":[{"href":"https:\/\/www.mundialsc.com.br\/loja\/wp-json\/wp\/v2\/media?parent=4712"}],"wp:term":[{"taxonomy":"product_brand","embeddable":true,"href":"https:\/\/www.mundialsc.com.br\/loja\/wp-json\/wp\/v2\/product_brand?post=4712"},{"taxonomy":"product_cat","embeddable":true,"href":"https:\/\/www.mundialsc.com.br\/loja\/wp-json\/wp\/v2\/product_cat?post=4712"},{"taxonomy":"product_tag","embeddable":true,"href":"https:\/\/www.mundialsc.com.br\/loja\/wp-json\/wp\/v2\/product_tag?post=4712"}],"curies":[{"name":"wp","href":"https:\/\/api.w.org\/{rel}","templated":true}]}}