{"id":4705,"date":"2020-07-08T10:00:13","date_gmt":"2020-07-08T13:00:13","guid":{"rendered":"https:\/\/www.mundialsc.com.br\/loja\/?post_type=product&#038;p=4705"},"modified":"2020-12-09T16:50:02","modified_gmt":"2020-12-09T19:50:02","slug":"lampada-farol-ssangyong-kyron-2-0-original","status":"publish","type":"product","link":"https:\/\/www.mundialsc.com.br\/loja\/produto\/lampada-farol-ssangyong-kyron-2-0-original\/","title":{"rendered":"L\u00e2mpada Farol Ssangyong Kyron 2.0 Original"},"content":{"rendered":"<p>L\u00e2mpada Farol<br \/>\nC\u00f3digo Original: 8324008520<br \/>\nPRODUTO ORIGINAL<\/p>\n<p>Aplica\u00e7\u00e3o:<\/p>\n<p>SSANGYONG<\/p>\n<p>KYRON 2.0 2008 EM DIANTE<\/p>\n","protected":false},"excerpt":{"rendered":"<p>L\u00e2mpada Farol C\u00f3digo Original: 8324008520 PRODUTO ORIGINAL Aplica\u00e7\u00e3o: SSANGYONG KYRON 2.0 2008 EM DIANTE<\/p>\n","protected":false},"featured_media":8966,"template":"","meta":[],"product_brand":[],"product_cat":[124],"product_tag":[],"class_list":{"0":"post-4705","1":"product","2":"type-product","3":"status-publish","4":"has-post-thumbnail","6":"product_cat-iluminacao","8":"first","9":"instock","10":"shipping-taxable","11":"purchasable","12":"product-type-simple"},"_links":{"self":[{"href":"https:\/\/www.mundialsc.com.br\/loja\/wp-json\/wp\/v2\/product\/4705","targetHints":{"allow":["GET"]}}],"collection":[{"href":"https:\/\/www.mundialsc.com.br\/loja\/wp-json\/wp\/v2\/product"}],"about":[{"href":"https:\/\/www.mundialsc.com.br\/loja\/wp-json\/wp\/v2\/types\/product"}],"wp:featuredmedia":[{"embeddable":true,"href":"https:\/\/www.mundialsc.com.br\/loja\/wp-json\/wp\/v2\/media\/8966"}],"wp:attachment":[{"href":"https:\/\/www.mundialsc.com.br\/loja\/wp-json\/wp\/v2\/media?parent=4705"}],"wp:term":[{"taxonomy":"product_brand","embeddable":true,"href":"https:\/\/www.mundialsc.com.br\/loja\/wp-json\/wp\/v2\/product_brand?post=4705"},{"taxonomy":"product_cat","embeddable":true,"href":"https:\/\/www.mundialsc.com.br\/loja\/wp-json\/wp\/v2\/product_cat?post=4705"},{"taxonomy":"product_tag","embeddable":true,"href":"https:\/\/www.mundialsc.com.br\/loja\/wp-json\/wp\/v2\/product_tag?post=4705"}],"curies":[{"name":"wp","href":"https:\/\/api.w.org\/{rel}","templated":true}]}}