{"id":4696,"date":"2020-07-07T11:37:26","date_gmt":"2020-07-07T14:37:26","guid":{"rendered":"https:\/\/www.mundialsc.com.br\/loja\/?post_type=product&#038;p=4696"},"modified":"2020-12-09T16:16:09","modified_gmt":"2020-12-09T19:16:09","slug":"anti-impacto-interno-ssangyong-korando-absorvedor-novo","status":"publish","type":"product","link":"https:\/\/www.mundialsc.com.br\/loja\/produto\/anti-impacto-interno-ssangyong-korando-absorvedor-novo\/","title":{"rendered":"Anti Impacto Interno Do Para-choque Ssangyong Korando Original"},"content":{"rendered":"<p>Anti Impacto Interno<br \/>\nC\u00f3digo Original: 7882034000<br \/>\nPRODUTO ORIGINAL<\/p>\n<p>Aplica\u00e7\u00e3o:<\/p>\n<p>SSANGYONG<\/p>\n<p>KORANDO<\/p>\n","protected":false},"excerpt":{"rendered":"<p>Anti Impacto Interno C\u00f3digo Original: 7882034000 PRODUTO ORIGINAL Aplica\u00e7\u00e3o: SSANGYONG KORANDO<\/p>\n","protected":false},"featured_media":8963,"template":"","meta":[],"product_brand":[],"product_cat":[159],"product_tag":[],"class_list":{"0":"post-4696","1":"product","2":"type-product","3":"status-publish","4":"has-post-thumbnail","6":"product_cat-acabamento","8":"first","9":"instock","10":"shipping-taxable","11":"purchasable","12":"product-type-simple"},"_links":{"self":[{"href":"https:\/\/www.mundialsc.com.br\/loja\/wp-json\/wp\/v2\/product\/4696","targetHints":{"allow":["GET"]}}],"collection":[{"href":"https:\/\/www.mundialsc.com.br\/loja\/wp-json\/wp\/v2\/product"}],"about":[{"href":"https:\/\/www.mundialsc.com.br\/loja\/wp-json\/wp\/v2\/types\/product"}],"wp:featuredmedia":[{"embeddable":true,"href":"https:\/\/www.mundialsc.com.br\/loja\/wp-json\/wp\/v2\/media\/8963"}],"wp:attachment":[{"href":"https:\/\/www.mundialsc.com.br\/loja\/wp-json\/wp\/v2\/media?parent=4696"}],"wp:term":[{"taxonomy":"product_brand","embeddable":true,"href":"https:\/\/www.mundialsc.com.br\/loja\/wp-json\/wp\/v2\/product_brand?post=4696"},{"taxonomy":"product_cat","embeddable":true,"href":"https:\/\/www.mundialsc.com.br\/loja\/wp-json\/wp\/v2\/product_cat?post=4696"},{"taxonomy":"product_tag","embeddable":true,"href":"https:\/\/www.mundialsc.com.br\/loja\/wp-json\/wp\/v2\/product_tag?post=4696"}],"curies":[{"name":"wp","href":"https:\/\/api.w.org\/{rel}","templated":true}]}}