{"id":4693,"date":"2020-07-07T11:10:23","date_gmt":"2020-07-07T14:10:23","guid":{"rendered":"https:\/\/www.mundialsc.com.br\/loja\/?post_type=product&#038;p=4693"},"modified":"2023-11-30T11:29:55","modified_gmt":"2023-11-30T14:29:55","slug":"painel-ssangyong-actyon","status":"publish","type":"product","link":"https:\/\/www.mundialsc.com.br\/loja\/produto\/painel-ssangyong-actyon\/","title":{"rendered":"Painel Ssangyong Actyon Suv 2.3"},"content":{"rendered":"<p>Painel Interno De Orienta\u00e7\u00e3o<br \/>\nC\u00f3digo Original: 8021031520<br \/>\nPRODUTO ORIGINAL<\/p>\n<p>Aplica\u00e7\u00e3o:<\/p>\n<p>SSANGYONG<\/p>\n<p>ACTYON SUV 2.3 GASOLINA<\/p>\n","protected":false},"excerpt":{"rendered":"<p>Painel Interno De Orienta\u00e7\u00e3o C\u00f3digo Original: 8021031520 PRODUTO ORIGINAL Aplica\u00e7\u00e3o: SSANGYONG ACTYON SUV 2.3 GASOLINA<\/p>\n","protected":false},"featured_media":4694,"template":"","meta":[],"product_brand":[],"product_cat":[168],"product_tag":[],"class_list":{"0":"post-4693","1":"product","2":"type-product","3":"status-publish","4":"has-post-thumbnail","6":"product_cat-painel","8":"first","9":"instock","10":"shipping-taxable","11":"product-type-simple"},"_links":{"self":[{"href":"https:\/\/www.mundialsc.com.br\/loja\/wp-json\/wp\/v2\/product\/4693","targetHints":{"allow":["GET"]}}],"collection":[{"href":"https:\/\/www.mundialsc.com.br\/loja\/wp-json\/wp\/v2\/product"}],"about":[{"href":"https:\/\/www.mundialsc.com.br\/loja\/wp-json\/wp\/v2\/types\/product"}],"wp:featuredmedia":[{"embeddable":true,"href":"https:\/\/www.mundialsc.com.br\/loja\/wp-json\/wp\/v2\/media\/4694"}],"wp:attachment":[{"href":"https:\/\/www.mundialsc.com.br\/loja\/wp-json\/wp\/v2\/media?parent=4693"}],"wp:term":[{"taxonomy":"product_brand","embeddable":true,"href":"https:\/\/www.mundialsc.com.br\/loja\/wp-json\/wp\/v2\/product_brand?post=4693"},{"taxonomy":"product_cat","embeddable":true,"href":"https:\/\/www.mundialsc.com.br\/loja\/wp-json\/wp\/v2\/product_cat?post=4693"},{"taxonomy":"product_tag","embeddable":true,"href":"https:\/\/www.mundialsc.com.br\/loja\/wp-json\/wp\/v2\/product_tag?post=4693"}],"curies":[{"name":"wp","href":"https:\/\/api.w.org\/{rel}","templated":true}]}}