{"id":4688,"date":"2020-07-07T10:58:49","date_gmt":"2020-07-07T13:58:49","guid":{"rendered":"https:\/\/www.mundialsc.com.br\/loja\/?post_type=product&#038;p=4688"},"modified":"2020-12-09T16:06:26","modified_gmt":"2020-12-09T19:06:26","slug":"suporte-esquerdo-do-para-choque-ssangyong-actyon-suv-2-3","status":"publish","type":"product","link":"https:\/\/www.mundialsc.com.br\/loja\/produto\/suporte-esquerdo-do-para-choque-ssangyong-actyon-suv-2-3\/","title":{"rendered":"Suporte Esquerdo Do Para-choque Ssangyong Actyon Suv 2.3"},"content":{"rendered":"<p>Suporte Esquerdo Do Para-choque<br \/>\nC\u00f3digo Original: 7873532500<br \/>\nPRODUTO ORIGINAL<\/p>\n<p>Aplica\u00e7\u00e3o:<\/p>\n<p>SSANGYONG<\/p>\n<p>ACTYON SUV 2.3 2008 EM DIANTE<\/p>\n","protected":false},"excerpt":{"rendered":"<p>Suporte Esquerdo Do Para-choque C\u00f3digo Original: 7873532500 PRODUTO ORIGINAL Aplica\u00e7\u00e3o: SSANGYONG ACTYON SUV 2.3 2008 EM DIANTE<\/p>\n","protected":false},"featured_media":8960,"template":"","meta":[],"product_brand":[],"product_cat":[159],"product_tag":[],"class_list":{"0":"post-4688","1":"product","2":"type-product","3":"status-publish","4":"has-post-thumbnail","6":"product_cat-acabamento","8":"first","9":"instock","10":"shipping-taxable","11":"purchasable","12":"product-type-simple"},"_links":{"self":[{"href":"https:\/\/www.mundialsc.com.br\/loja\/wp-json\/wp\/v2\/product\/4688","targetHints":{"allow":["GET"]}}],"collection":[{"href":"https:\/\/www.mundialsc.com.br\/loja\/wp-json\/wp\/v2\/product"}],"about":[{"href":"https:\/\/www.mundialsc.com.br\/loja\/wp-json\/wp\/v2\/types\/product"}],"wp:featuredmedia":[{"embeddable":true,"href":"https:\/\/www.mundialsc.com.br\/loja\/wp-json\/wp\/v2\/media\/8960"}],"wp:attachment":[{"href":"https:\/\/www.mundialsc.com.br\/loja\/wp-json\/wp\/v2\/media?parent=4688"}],"wp:term":[{"taxonomy":"product_brand","embeddable":true,"href":"https:\/\/www.mundialsc.com.br\/loja\/wp-json\/wp\/v2\/product_brand?post=4688"},{"taxonomy":"product_cat","embeddable":true,"href":"https:\/\/www.mundialsc.com.br\/loja\/wp-json\/wp\/v2\/product_cat?post=4688"},{"taxonomy":"product_tag","embeddable":true,"href":"https:\/\/www.mundialsc.com.br\/loja\/wp-json\/wp\/v2\/product_tag?post=4688"}],"curies":[{"name":"wp","href":"https:\/\/api.w.org\/{rel}","templated":true}]}}