{"id":4618,"date":"2020-07-03T17:00:24","date_gmt":"2020-07-03T20:00:24","guid":{"rendered":"https:\/\/www.mundialsc.com.br\/loja\/?post_type=product&#038;p=4618"},"modified":"2020-12-09T15:04:19","modified_gmt":"2020-12-09T18:04:19","slug":"calota-da-roda-ssangyong-new-actyon-sports-original","status":"publish","type":"product","link":"https:\/\/www.mundialsc.com.br\/loja\/produto\/calota-da-roda-ssangyong-new-actyon-sports-original\/","title":{"rendered":"Calota Da Roda Ssangyong New Actyon Sports Original"},"content":{"rendered":"<p>Calota Da Roda<br \/>\nC\u00f3digo Original: 41780-32201<br \/>\nPRODUTO ORIGINAL<\/p>\n<p>Aplica\u00e7\u00e3o:<\/p>\n<p>SSANGYONG<\/p>\n<p>NEW ACTYON SPORTS 2.0 2012 EM DIANTE COM ARO 18&#8243;<\/p>\n","protected":false},"excerpt":{"rendered":"<p>Calota Da Roda C\u00f3digo Original: 41780-32201 PRODUTO ORIGINAL Aplica\u00e7\u00e3o: SSANGYONG NEW ACTYON SPORTS 2.0 2012 EM DIANTE COM ARO 18&#8243;<\/p>\n","protected":false},"featured_media":8953,"template":"","meta":[],"product_brand":[],"product_cat":[159],"product_tag":[],"class_list":{"0":"post-4618","1":"product","2":"type-product","3":"status-publish","4":"has-post-thumbnail","6":"product_cat-acabamento","8":"first","9":"instock","10":"shipping-taxable","11":"purchasable","12":"product-type-simple"},"_links":{"self":[{"href":"https:\/\/www.mundialsc.com.br\/loja\/wp-json\/wp\/v2\/product\/4618","targetHints":{"allow":["GET"]}}],"collection":[{"href":"https:\/\/www.mundialsc.com.br\/loja\/wp-json\/wp\/v2\/product"}],"about":[{"href":"https:\/\/www.mundialsc.com.br\/loja\/wp-json\/wp\/v2\/types\/product"}],"wp:featuredmedia":[{"embeddable":true,"href":"https:\/\/www.mundialsc.com.br\/loja\/wp-json\/wp\/v2\/media\/8953"}],"wp:attachment":[{"href":"https:\/\/www.mundialsc.com.br\/loja\/wp-json\/wp\/v2\/media?parent=4618"}],"wp:term":[{"taxonomy":"product_brand","embeddable":true,"href":"https:\/\/www.mundialsc.com.br\/loja\/wp-json\/wp\/v2\/product_brand?post=4618"},{"taxonomy":"product_cat","embeddable":true,"href":"https:\/\/www.mundialsc.com.br\/loja\/wp-json\/wp\/v2\/product_cat?post=4618"},{"taxonomy":"product_tag","embeddable":true,"href":"https:\/\/www.mundialsc.com.br\/loja\/wp-json\/wp\/v2\/product_tag?post=4618"}],"curies":[{"name":"wp","href":"https:\/\/api.w.org\/{rel}","templated":true}]}}