{"id":3980,"date":"2020-06-19T15:58:27","date_gmt":"2020-06-19T18:58:27","guid":{"rendered":"https:\/\/www.mundialsc.com.br\/loja\/?post_type=product&#038;p=3980"},"modified":"2020-06-19T15:59:54","modified_gmt":"2020-06-19T18:59:54","slug":"pastilha-do-freio-dianteiro-ssangyong-rexton-2-9","status":"publish","type":"product","link":"https:\/\/www.mundialsc.com.br\/loja\/produto\/pastilha-do-freio-dianteiro-ssangyong-rexton-2-9\/","title":{"rendered":"Pastilha Do Freio Dianteiro Ssangyong Rexton 2.9"},"content":{"rendered":"<p>Pastilha Do Freio Dianteiro<br \/>\nC\u00f3digo Original: 5810129A30<br \/>\nC\u00f3digo Interno: PW605<\/p>\n<p>Aplica\u00e7\u00e3o:<\/p>\n<p>SSANGYONG<\/p>\n<p>REXTON RX290 2.9 2002 EM DIANTE \/ COM SISTEMA SUMITOMO E MEDIDAS 137,2 X 54,3 X 17<\/p>\n","protected":false},"excerpt":{"rendered":"<p>Pastilha Do Freio Dianteiro C\u00f3digo Original: 5810129A30 C\u00f3digo Interno: PW605 Aplica\u00e7\u00e3o: SSANGYONG REXTON RX290 2.9 2002 EM DIANTE \/ COM<\/p>\n","protected":false},"featured_media":3966,"template":"","meta":[],"product_brand":[],"product_cat":[41,82],"product_tag":[],"class_list":{"0":"post-3980","1":"product","2":"type-product","3":"status-publish","4":"has-post-thumbnail","6":"product_cat-freios","7":"product_cat-pastilhas","9":"first","10":"instock","11":"shipping-taxable","12":"purchasable","13":"product-type-simple"},"_links":{"self":[{"href":"https:\/\/www.mundialsc.com.br\/loja\/wp-json\/wp\/v2\/product\/3980","targetHints":{"allow":["GET"]}}],"collection":[{"href":"https:\/\/www.mundialsc.com.br\/loja\/wp-json\/wp\/v2\/product"}],"about":[{"href":"https:\/\/www.mundialsc.com.br\/loja\/wp-json\/wp\/v2\/types\/product"}],"wp:featuredmedia":[{"embeddable":true,"href":"https:\/\/www.mundialsc.com.br\/loja\/wp-json\/wp\/v2\/media\/3966"}],"wp:attachment":[{"href":"https:\/\/www.mundialsc.com.br\/loja\/wp-json\/wp\/v2\/media?parent=3980"}],"wp:term":[{"taxonomy":"product_brand","embeddable":true,"href":"https:\/\/www.mundialsc.com.br\/loja\/wp-json\/wp\/v2\/product_brand?post=3980"},{"taxonomy":"product_cat","embeddable":true,"href":"https:\/\/www.mundialsc.com.br\/loja\/wp-json\/wp\/v2\/product_cat?post=3980"},{"taxonomy":"product_tag","embeddable":true,"href":"https:\/\/www.mundialsc.com.br\/loja\/wp-json\/wp\/v2\/product_tag?post=3980"}],"curies":[{"name":"wp","href":"https:\/\/api.w.org\/{rel}","templated":true}]}}