{"id":2712,"date":"2020-04-30T16:27:21","date_gmt":"2020-04-30T19:27:21","guid":{"rendered":"https:\/\/www.mundialsc.com.br\/loja\/?post_type=product&#038;p=2712"},"modified":"2020-04-30T17:28:19","modified_gmt":"2020-04-30T20:28:19","slug":"kit-pastilha-dianteira-traseira-ssangyong-new-actyon","status":"publish","type":"product","link":"https:\/\/www.mundialsc.com.br\/loja\/produto\/kit-pastilha-dianteira-traseira-ssangyong-new-actyon\/","title":{"rendered":"Kit Pastilha Dianteira &#038; Traseira Ssangyong New Actyon"},"content":{"rendered":"<p>Kit Pastilhas Dianteira &#038; Traseira<br \/>\nC\u00f3digo Original: 48130091A0 48413090A1<\/p>\n<p>Aplica\u00e7\u00e3o:<\/p>\n<p>SSANGYONG<\/p>\n<p>NEW ACTYON 2.0 2012 EM DIANTE<\/p>\n","protected":false},"excerpt":{"rendered":"<p>Kit Pastilhas Dianteira &#038; Traseira C\u00f3digo Original: 48130091A0 48413090A1 Aplica\u00e7\u00e3o: SSANGYONG NEW ACTYON 2.0 2012 EM DIANTE<\/p>\n","protected":false},"featured_media":2718,"template":"","meta":[],"product_brand":[],"product_cat":[41,82],"product_tag":[],"class_list":{"0":"post-2712","1":"product","2":"type-product","3":"status-publish","4":"has-post-thumbnail","6":"product_cat-freios","7":"product_cat-pastilhas","9":"first","10":"instock","11":"shipping-taxable","12":"purchasable","13":"product-type-simple"},"_links":{"self":[{"href":"https:\/\/www.mundialsc.com.br\/loja\/wp-json\/wp\/v2\/product\/2712","targetHints":{"allow":["GET"]}}],"collection":[{"href":"https:\/\/www.mundialsc.com.br\/loja\/wp-json\/wp\/v2\/product"}],"about":[{"href":"https:\/\/www.mundialsc.com.br\/loja\/wp-json\/wp\/v2\/types\/product"}],"wp:featuredmedia":[{"embeddable":true,"href":"https:\/\/www.mundialsc.com.br\/loja\/wp-json\/wp\/v2\/media\/2718"}],"wp:attachment":[{"href":"https:\/\/www.mundialsc.com.br\/loja\/wp-json\/wp\/v2\/media?parent=2712"}],"wp:term":[{"taxonomy":"product_brand","embeddable":true,"href":"https:\/\/www.mundialsc.com.br\/loja\/wp-json\/wp\/v2\/product_brand?post=2712"},{"taxonomy":"product_cat","embeddable":true,"href":"https:\/\/www.mundialsc.com.br\/loja\/wp-json\/wp\/v2\/product_cat?post=2712"},{"taxonomy":"product_tag","embeddable":true,"href":"https:\/\/www.mundialsc.com.br\/loja\/wp-json\/wp\/v2\/product_tag?post=2712"}],"curies":[{"name":"wp","href":"https:\/\/api.w.org\/{rel}","templated":true}]}}