{"id":2703,"date":"2020-04-30T16:13:15","date_gmt":"2020-04-30T19:13:15","guid":{"rendered":"https:\/\/www.mundialsc.com.br\/loja\/?post_type=product&#038;p=2703"},"modified":"2020-07-02T08:49:27","modified_gmt":"2020-07-02T11:49:27","slug":"pastilha-de-freio-traseiro-ssangyong-actyon-sports","status":"publish","type":"product","link":"https:\/\/www.mundialsc.com.br\/loja\/produto\/pastilha-de-freio-traseiro-ssangyong-actyon-sports\/","title":{"rendered":"Pastilha Do Freio Traseiro Ssangyong Actyon Sports"},"content":{"rendered":"<p>Jogo Traseiro De Pastilhas De Freio<br \/>\nC\u00f3digo Original: 48413090A1<\/p>\n<p>Aplica\u00e7\u00e3o:<\/p>\n<p>SSANGYONG<\/p>\n<p>ACTYON SPORTS 2.0 2008-2011<\/p>\n","protected":false},"excerpt":{"rendered":"<p>Jogo Traseiro De Pastilhas De Freio C\u00f3digo Original: 48413090A1 Aplica\u00e7\u00e3o: SSANGYONG ACTYON SPORTS 2.0 2008-2011<\/p>\n","protected":false},"featured_media":2717,"template":"","meta":[],"product_brand":[],"product_cat":[41,82],"product_tag":[],"class_list":{"0":"post-2703","1":"product","2":"type-product","3":"status-publish","4":"has-post-thumbnail","6":"product_cat-freios","7":"product_cat-pastilhas","9":"first","10":"instock","11":"shipping-taxable","12":"purchasable","13":"product-type-simple"},"_links":{"self":[{"href":"https:\/\/www.mundialsc.com.br\/loja\/wp-json\/wp\/v2\/product\/2703","targetHints":{"allow":["GET"]}}],"collection":[{"href":"https:\/\/www.mundialsc.com.br\/loja\/wp-json\/wp\/v2\/product"}],"about":[{"href":"https:\/\/www.mundialsc.com.br\/loja\/wp-json\/wp\/v2\/types\/product"}],"wp:featuredmedia":[{"embeddable":true,"href":"https:\/\/www.mundialsc.com.br\/loja\/wp-json\/wp\/v2\/media\/2717"}],"wp:attachment":[{"href":"https:\/\/www.mundialsc.com.br\/loja\/wp-json\/wp\/v2\/media?parent=2703"}],"wp:term":[{"taxonomy":"product_brand","embeddable":true,"href":"https:\/\/www.mundialsc.com.br\/loja\/wp-json\/wp\/v2\/product_brand?post=2703"},{"taxonomy":"product_cat","embeddable":true,"href":"https:\/\/www.mundialsc.com.br\/loja\/wp-json\/wp\/v2\/product_cat?post=2703"},{"taxonomy":"product_tag","embeddable":true,"href":"https:\/\/www.mundialsc.com.br\/loja\/wp-json\/wp\/v2\/product_tag?post=2703"}],"curies":[{"name":"wp","href":"https:\/\/api.w.org\/{rel}","templated":true}]}}