{"id":2693,"date":"2020-04-30T15:59:27","date_gmt":"2020-04-30T18:59:27","guid":{"rendered":"https:\/\/www.mundialsc.com.br\/loja\/?post_type=product&#038;p=2693"},"modified":"2020-11-27T14:18:41","modified_gmt":"2020-11-27T17:18:41","slug":"pastilha-de-freio-dianteiro-ssangyong-actyon-suv","status":"publish","type":"product","link":"https:\/\/www.mundialsc.com.br\/loja\/produto\/pastilha-de-freio-dianteiro-ssangyong-actyon-suv\/","title":{"rendered":"Pastilha Do Freio Dianteiro Ssangyong Actyon Suv"},"content":{"rendered":"<p>Jogo Dianteiro De Pastilhas De Freio<br \/>\nC\u00f3digo Original: 48130091A0<\/p>\n<p>Aplica\u00e7\u00e3o:<\/p>\n<p>SSANGYONG<\/p>\n<p>ACTYON SUV 2.0 2008 EM DIANTE<\/p>\n","protected":false},"excerpt":{"rendered":"<p>Jogo Dianteiro De Pastilhas De Freio C\u00f3digo Original: 48130091A0 Aplica\u00e7\u00e3o: SSANGYONG ACTYON SUV 2.0 2008 EM DIANTE<\/p>\n","protected":false},"featured_media":8603,"template":"","meta":[],"product_brand":[],"product_cat":[41,82],"product_tag":[],"class_list":{"0":"post-2693","1":"product","2":"type-product","3":"status-publish","4":"has-post-thumbnail","6":"product_cat-freios","7":"product_cat-pastilhas","9":"first","10":"instock","11":"shipping-taxable","12":"purchasable","13":"product-type-simple"},"_links":{"self":[{"href":"https:\/\/www.mundialsc.com.br\/loja\/wp-json\/wp\/v2\/product\/2693","targetHints":{"allow":["GET"]}}],"collection":[{"href":"https:\/\/www.mundialsc.com.br\/loja\/wp-json\/wp\/v2\/product"}],"about":[{"href":"https:\/\/www.mundialsc.com.br\/loja\/wp-json\/wp\/v2\/types\/product"}],"wp:featuredmedia":[{"embeddable":true,"href":"https:\/\/www.mundialsc.com.br\/loja\/wp-json\/wp\/v2\/media\/8603"}],"wp:attachment":[{"href":"https:\/\/www.mundialsc.com.br\/loja\/wp-json\/wp\/v2\/media?parent=2693"}],"wp:term":[{"taxonomy":"product_brand","embeddable":true,"href":"https:\/\/www.mundialsc.com.br\/loja\/wp-json\/wp\/v2\/product_brand?post=2693"},{"taxonomy":"product_cat","embeddable":true,"href":"https:\/\/www.mundialsc.com.br\/loja\/wp-json\/wp\/v2\/product_cat?post=2693"},{"taxonomy":"product_tag","embeddable":true,"href":"https:\/\/www.mundialsc.com.br\/loja\/wp-json\/wp\/v2\/product_tag?post=2693"}],"curies":[{"name":"wp","href":"https:\/\/api.w.org\/{rel}","templated":true}]}}