{"id":2631,"date":"2020-04-29T10:21:22","date_gmt":"2020-04-29T13:21:22","guid":{"rendered":"https:\/\/www.mundialsc.com.br\/loja\/?post_type=product&#038;p=2631"},"modified":"2023-11-30T11:32:45","modified_gmt":"2023-11-30T14:32:45","slug":"bomba-direcao-hidraulica-kyron-2-0-original","status":"publish","type":"product","link":"https:\/\/www.mundialsc.com.br\/loja\/produto\/bomba-direcao-hidraulica-kyron-2-0-original\/","title":{"rendered":"Bomba Dire\u00e7\u00e3o Hidr\u00e1ulica Kyron 2.0"},"content":{"rendered":"<p>Bomba Da Dire\u00e7\u00e3o Hidr\u00e1ulica<br \/>\nC\u00f3digo Interno: 1724603<\/p>\n<p>Aplica\u00e7\u00e3o:<\/p>\n<p>SSANGYONG<\/p>\n<p>KYRON 2.0 2008 EM DIANTE<\/p>\n","protected":false},"excerpt":{"rendered":"<p>Bomba Dire\u00e7\u00e3o Ssangyong<\/p>\n","protected":false},"featured_media":8566,"template":"","meta":[],"product_brand":[],"product_cat":[131,85],"product_tag":[],"class_list":{"0":"post-2631","1":"product","2":"type-product","3":"status-publish","4":"has-post-thumbnail","6":"product_cat-bomba","7":"product_cat-direcao","9":"first","10":"instock","11":"shipping-taxable","12":"product-type-simple"},"_links":{"self":[{"href":"https:\/\/www.mundialsc.com.br\/loja\/wp-json\/wp\/v2\/product\/2631","targetHints":{"allow":["GET"]}}],"collection":[{"href":"https:\/\/www.mundialsc.com.br\/loja\/wp-json\/wp\/v2\/product"}],"about":[{"href":"https:\/\/www.mundialsc.com.br\/loja\/wp-json\/wp\/v2\/types\/product"}],"wp:featuredmedia":[{"embeddable":true,"href":"https:\/\/www.mundialsc.com.br\/loja\/wp-json\/wp\/v2\/media\/8566"}],"wp:attachment":[{"href":"https:\/\/www.mundialsc.com.br\/loja\/wp-json\/wp\/v2\/media?parent=2631"}],"wp:term":[{"taxonomy":"product_brand","embeddable":true,"href":"https:\/\/www.mundialsc.com.br\/loja\/wp-json\/wp\/v2\/product_brand?post=2631"},{"taxonomy":"product_cat","embeddable":true,"href":"https:\/\/www.mundialsc.com.br\/loja\/wp-json\/wp\/v2\/product_cat?post=2631"},{"taxonomy":"product_tag","embeddable":true,"href":"https:\/\/www.mundialsc.com.br\/loja\/wp-json\/wp\/v2\/product_tag?post=2631"}],"curies":[{"name":"wp","href":"https:\/\/api.w.org\/{rel}","templated":true}]}}