{"id":2623,"date":"2020-04-28T17:30:46","date_gmt":"2020-04-28T20:30:46","guid":{"rendered":"https:\/\/www.mundialsc.com.br\/loja\/?post_type=product&#038;p=2623"},"modified":"2023-11-30T11:29:39","modified_gmt":"2023-11-30T14:29:39","slug":"valvula-reguladora-de-pressao-ssangyong-rexton-2-7","status":"publish","type":"product","link":"https:\/\/www.mundialsc.com.br\/loja\/produto\/valvula-reguladora-de-pressao-ssangyong-rexton-2-7\/","title":{"rendered":"V\u00e1lvula Reguladora De Press\u00e3o Ssangyong Rexton 2.7 Original"},"content":{"rendered":"<p>V\u00e1lvula Reguladora<br \/>\nC\u00f3digo Original: 66507a0401<br \/>\nPRODUTO NOVO ORIGINAL<\/p>\n<p>Aplica\u00e7\u00e3o:<\/p>\n<p>SSANGYONG<\/p>\n<p>REXTON 2.7 2008 EM DIANTE<\/p>\n","protected":false},"excerpt":{"rendered":"<p>V\u00e1lvula Reguladora C\u00f3digo Original: 66507a0401 PRODUTO NOVO ORIGINAL Aplica\u00e7\u00e3o: SSANGYONG REXTON 2.7 2008 EM DIANTE<\/p>\n","protected":false},"featured_media":8560,"template":"","meta":[],"product_brand":[],"product_cat":[129],"product_tag":[],"class_list":{"0":"post-2623","1":"product","2":"type-product","3":"status-publish","4":"has-post-thumbnail","6":"product_cat-sensor-bomba","8":"first","9":"instock","10":"shipping-taxable","11":"product-type-simple"},"_links":{"self":[{"href":"https:\/\/www.mundialsc.com.br\/loja\/wp-json\/wp\/v2\/product\/2623","targetHints":{"allow":["GET"]}}],"collection":[{"href":"https:\/\/www.mundialsc.com.br\/loja\/wp-json\/wp\/v2\/product"}],"about":[{"href":"https:\/\/www.mundialsc.com.br\/loja\/wp-json\/wp\/v2\/types\/product"}],"wp:featuredmedia":[{"embeddable":true,"href":"https:\/\/www.mundialsc.com.br\/loja\/wp-json\/wp\/v2\/media\/8560"}],"wp:attachment":[{"href":"https:\/\/www.mundialsc.com.br\/loja\/wp-json\/wp\/v2\/media?parent=2623"}],"wp:term":[{"taxonomy":"product_brand","embeddable":true,"href":"https:\/\/www.mundialsc.com.br\/loja\/wp-json\/wp\/v2\/product_brand?post=2623"},{"taxonomy":"product_cat","embeddable":true,"href":"https:\/\/www.mundialsc.com.br\/loja\/wp-json\/wp\/v2\/product_cat?post=2623"},{"taxonomy":"product_tag","embeddable":true,"href":"https:\/\/www.mundialsc.com.br\/loja\/wp-json\/wp\/v2\/product_tag?post=2623"}],"curies":[{"name":"wp","href":"https:\/\/api.w.org\/{rel}","templated":true}]}}