{"id":2622,"date":"2020-04-28T17:29:23","date_gmt":"2020-04-28T20:29:23","guid":{"rendered":"https:\/\/www.mundialsc.com.br\/loja\/?post_type=product&#038;p=2622"},"modified":"2023-11-30T11:29:44","modified_gmt":"2023-11-30T14:29:44","slug":"valvula-reguladora-de-pressao-ssangyong-kyron-2-0-2-7","status":"publish","type":"product","link":"https:\/\/www.mundialsc.com.br\/loja\/produto\/valvula-reguladora-de-pressao-ssangyong-kyron-2-0-2-7\/","title":{"rendered":"V\u00e1lvula Reguladora De Press\u00e3o Ssangyong Kyron 2.0 &#038; 2.7 Original"},"content":{"rendered":"<p>V\u00e1lvula Reguladora<br \/>\nC\u00f3digo Original: 66507a0401<br \/>\nPRODUTO NOVO ORIGINAL<\/p>\n<p>Aplica\u00e7\u00e3o:<\/p>\n<p>SSANGYONG<\/p>\n<p>KYRON 2.0 2008 EM DIANTE<\/p>\n<p>KYRON 2.7 2008 EM DIANTE<\/p>\n","protected":false},"excerpt":{"rendered":"<p>V\u00e1lvula Reguladora C\u00f3digo Original: 66507a0401 PRODUTO NOVO ORIGINAL Aplica\u00e7\u00e3o: SSANGYONG KYRON 2.0 2008 EM DIANTE KYRON 2.7 2008 EM DIANTE<\/p>\n","protected":false},"featured_media":8560,"template":"","meta":[],"product_brand":[],"product_cat":[129],"product_tag":[],"class_list":{"0":"post-2622","1":"product","2":"type-product","3":"status-publish","4":"has-post-thumbnail","6":"product_cat-sensor-bomba","8":"first","9":"instock","10":"shipping-taxable","11":"product-type-simple"},"_links":{"self":[{"href":"https:\/\/www.mundialsc.com.br\/loja\/wp-json\/wp\/v2\/product\/2622","targetHints":{"allow":["GET"]}}],"collection":[{"href":"https:\/\/www.mundialsc.com.br\/loja\/wp-json\/wp\/v2\/product"}],"about":[{"href":"https:\/\/www.mundialsc.com.br\/loja\/wp-json\/wp\/v2\/types\/product"}],"wp:featuredmedia":[{"embeddable":true,"href":"https:\/\/www.mundialsc.com.br\/loja\/wp-json\/wp\/v2\/media\/8560"}],"wp:attachment":[{"href":"https:\/\/www.mundialsc.com.br\/loja\/wp-json\/wp\/v2\/media?parent=2622"}],"wp:term":[{"taxonomy":"product_brand","embeddable":true,"href":"https:\/\/www.mundialsc.com.br\/loja\/wp-json\/wp\/v2\/product_brand?post=2622"},{"taxonomy":"product_cat","embeddable":true,"href":"https:\/\/www.mundialsc.com.br\/loja\/wp-json\/wp\/v2\/product_cat?post=2622"},{"taxonomy":"product_tag","embeddable":true,"href":"https:\/\/www.mundialsc.com.br\/loja\/wp-json\/wp\/v2\/product_tag?post=2622"}],"curies":[{"name":"wp","href":"https:\/\/api.w.org\/{rel}","templated":true}]}}