{"id":2434,"date":"2020-04-23T13:44:59","date_gmt":"2020-04-23T16:44:59","guid":{"rendered":"https:\/\/www.mundialsc.com.br\/loja\/?post_type=product&#038;p=2434"},"modified":"2020-11-25T16:04:46","modified_gmt":"2020-11-25T19:04:46","slug":"bieleta-barra-estabilizadora-traseira-ssangyong-korando-original","status":"publish","type":"product","link":"https:\/\/www.mundialsc.com.br\/loja\/produto\/bieleta-barra-estabilizadora-traseira-ssangyong-korando-original\/","title":{"rendered":"Bieleta Barra Estabilizadora Traseira Ssangyong Korando"},"content":{"rendered":"<p>Bieleta da Barra Estabilizadora Traseira<br \/>\nC\u00f3digo: Original 4561034000<\/p>\n<p>Aplica\u00e7\u00e3o:<\/p>\n<p>SSANGYONG<\/p>\n<p>KORANDO 2.0 2010 EM DIANTE<\/p>\n<p><iframe loading=\"lazy\" src=\"https:\/\/www.youtube.com\/embed\/9Y2FOtVrEv4\" width=\"560\" height=\"315\" frameborder=\"0\" allowfullscreen=\"allowfullscreen\"><\/iframe><\/p>\n","protected":false},"excerpt":{"rendered":"<p>Bieleta da Barra Estabilizadora Traseira C\u00f3digo: Original 4561034000 Aplica\u00e7\u00e3o: SSANGYONG KORANDO 2.0 2010 EM DIANTE<\/p>\n","protected":false},"featured_media":8499,"template":"","meta":[],"product_brand":[],"product_cat":[100,44],"product_tag":[],"class_list":{"0":"post-2434","1":"product","2":"type-product","3":"status-publish","4":"has-post-thumbnail","6":"product_cat-bieleta","7":"product_cat-suspensao","9":"first","10":"instock","11":"shipping-taxable","12":"purchasable","13":"product-type-simple"},"_links":{"self":[{"href":"https:\/\/www.mundialsc.com.br\/loja\/wp-json\/wp\/v2\/product\/2434","targetHints":{"allow":["GET"]}}],"collection":[{"href":"https:\/\/www.mundialsc.com.br\/loja\/wp-json\/wp\/v2\/product"}],"about":[{"href":"https:\/\/www.mundialsc.com.br\/loja\/wp-json\/wp\/v2\/types\/product"}],"wp:featuredmedia":[{"embeddable":true,"href":"https:\/\/www.mundialsc.com.br\/loja\/wp-json\/wp\/v2\/media\/8499"}],"wp:attachment":[{"href":"https:\/\/www.mundialsc.com.br\/loja\/wp-json\/wp\/v2\/media?parent=2434"}],"wp:term":[{"taxonomy":"product_brand","embeddable":true,"href":"https:\/\/www.mundialsc.com.br\/loja\/wp-json\/wp\/v2\/product_brand?post=2434"},{"taxonomy":"product_cat","embeddable":true,"href":"https:\/\/www.mundialsc.com.br\/loja\/wp-json\/wp\/v2\/product_cat?post=2434"},{"taxonomy":"product_tag","embeddable":true,"href":"https:\/\/www.mundialsc.com.br\/loja\/wp-json\/wp\/v2\/product_tag?post=2434"}],"curies":[{"name":"wp","href":"https:\/\/api.w.org\/{rel}","templated":true}]}}