{"id":2176,"date":"2020-04-16T18:12:43","date_gmt":"2020-04-16T21:12:43","guid":{"rendered":"https:\/\/www.mundialsc.com.br\/loja\/?post_type=product&#038;p=2176"},"modified":"2024-01-26T14:39:10","modified_gmt":"2024-01-26T17:39:10","slug":"pivo-inferior-ssangyong-kyron-2-0-2-7","status":"publish","type":"product","link":"https:\/\/www.mundialsc.com.br\/loja\/produto\/pivo-inferior-ssangyong-kyron-2-0-2-7\/","title":{"rendered":"Piv\u00f4 Inferior Ssangyong Kyron 2.0 &#038; 2.7"},"content":{"rendered":"<p>Piv\u00f4 Inferior Da Suspens\u00e3o<br \/>\nC\u00f3digo Original: 4454109005<\/p>\n<p>Aplica\u00e7\u00e3o:<\/p>\n<p>SSANGYONG<\/p>\n<p>KYRON 2.0 &amp; 2.7 2008 EM DIANTE<\/p>\n<p><iframe loading=\"lazy\" src=\"https:\/\/www.youtube.com\/embed\/ieYP1W-KDjg\" width=\"560\" height=\"315\" frameborder=\"0\" allowfullscreen=\"allowfullscreen\"><\/iframe><\/p>\n","protected":false},"excerpt":{"rendered":"<p>Piv\u00f4 Inferior Da Suspens\u00e3o C\u00f3digo Original: 4454109005 Aplica\u00e7\u00e3o: SSANGYONG KYRON 2.0 &amp; 2.7 2008 EM DIANTE<\/p>\n","protected":false},"featured_media":8368,"template":"","meta":[],"product_brand":[],"product_cat":[44],"product_tag":[],"class_list":{"0":"post-2176","1":"product","2":"type-product","3":"status-publish","4":"has-post-thumbnail","6":"product_cat-suspensao","8":"first","9":"instock","10":"shipping-taxable","11":"product-type-simple"},"_links":{"self":[{"href":"https:\/\/www.mundialsc.com.br\/loja\/wp-json\/wp\/v2\/product\/2176","targetHints":{"allow":["GET"]}}],"collection":[{"href":"https:\/\/www.mundialsc.com.br\/loja\/wp-json\/wp\/v2\/product"}],"about":[{"href":"https:\/\/www.mundialsc.com.br\/loja\/wp-json\/wp\/v2\/types\/product"}],"wp:featuredmedia":[{"embeddable":true,"href":"https:\/\/www.mundialsc.com.br\/loja\/wp-json\/wp\/v2\/media\/8368"}],"wp:attachment":[{"href":"https:\/\/www.mundialsc.com.br\/loja\/wp-json\/wp\/v2\/media?parent=2176"}],"wp:term":[{"taxonomy":"product_brand","embeddable":true,"href":"https:\/\/www.mundialsc.com.br\/loja\/wp-json\/wp\/v2\/product_brand?post=2176"},{"taxonomy":"product_cat","embeddable":true,"href":"https:\/\/www.mundialsc.com.br\/loja\/wp-json\/wp\/v2\/product_cat?post=2176"},{"taxonomy":"product_tag","embeddable":true,"href":"https:\/\/www.mundialsc.com.br\/loja\/wp-json\/wp\/v2\/product_tag?post=2176"}],"curies":[{"name":"wp","href":"https:\/\/api.w.org\/{rel}","templated":true}]}}