{"id":1951,"date":"2020-04-09T16:24:00","date_gmt":"2020-04-09T19:24:00","guid":{"rendered":"https:\/\/www.mundialsc.com.br\/loja\/?post_type=product&#038;p=1951"},"modified":"2023-11-30T11:31:07","modified_gmt":"2023-11-30T14:31:07","slug":"caixa-de-direcao-hidraulica-chery-qq-original","status":"publish","type":"product","link":"https:\/\/www.mundialsc.com.br\/loja\/produto\/caixa-de-direcao-hidraulica-chery-qq-original\/","title":{"rendered":"Caixa De Dire\u00e7\u00e3o Hidr\u00e1ulica Chery Qq Original"},"content":{"rendered":"<p>Caixa De Dire\u00e7\u00e3o Hidr\u00e1ulica Com Terminais<br \/>\nC\u00f3digo Original: S11-3400010BB<br \/>\nPRODUTO ORIGINAL<\/p>\n<p>Aplica\u00e7\u00e3o:<\/p>\n<p>CHERY<\/p>\n<p>QQ 1.0 E 1.1\u00a0 2011-2018<\/p>\n<p>&nbsp;<\/p>\n","protected":false},"excerpt":{"rendered":"<p>Caixa De Dire\u00e7\u00e3o Hidr\u00e1ulica Com Terminais C\u00f3digo Original: S11-3400010BB PRODUTO ORIGINAL Aplica\u00e7\u00e3o: CHERY QQ 1.0 E 1.1\u00a0 2011-2018 &nbsp;<\/p>\n","protected":false},"featured_media":1954,"template":"","meta":[],"product_brand":[],"product_cat":[15,86,85,245],"product_tag":[],"class_list":{"0":"post-1951","1":"product","2":"type-product","3":"status-publish","4":"has-post-thumbnail","6":"product_cat-outros","7":"product_cat-caixa-de-direcao","8":"product_cat-direcao","9":"product_cat-promocao","11":"first","12":"instock","13":"shipping-taxable","14":"product-type-simple"},"_links":{"self":[{"href":"https:\/\/www.mundialsc.com.br\/loja\/wp-json\/wp\/v2\/product\/1951","targetHints":{"allow":["GET"]}}],"collection":[{"href":"https:\/\/www.mundialsc.com.br\/loja\/wp-json\/wp\/v2\/product"}],"about":[{"href":"https:\/\/www.mundialsc.com.br\/loja\/wp-json\/wp\/v2\/types\/product"}],"wp:featuredmedia":[{"embeddable":true,"href":"https:\/\/www.mundialsc.com.br\/loja\/wp-json\/wp\/v2\/media\/1954"}],"wp:attachment":[{"href":"https:\/\/www.mundialsc.com.br\/loja\/wp-json\/wp\/v2\/media?parent=1951"}],"wp:term":[{"taxonomy":"product_brand","embeddable":true,"href":"https:\/\/www.mundialsc.com.br\/loja\/wp-json\/wp\/v2\/product_brand?post=1951"},{"taxonomy":"product_cat","embeddable":true,"href":"https:\/\/www.mundialsc.com.br\/loja\/wp-json\/wp\/v2\/product_cat?post=1951"},{"taxonomy":"product_tag","embeddable":true,"href":"https:\/\/www.mundialsc.com.br\/loja\/wp-json\/wp\/v2\/product_tag?post=1951"}],"curies":[{"name":"wp","href":"https:\/\/api.w.org\/{rel}","templated":true}]}}